{"id":29058,"date":"2025-07-21T11:31:01","date_gmt":"2025-07-21T08:31:01","guid":{"rendered":"https:\/\/thewoodcrafts.com\/?page_id=29058"},"modified":"2025-07-21T11:39:54","modified_gmt":"2025-07-21T08:39:54","slug":"terms-of-service","status":"publish","type":"page","link":"https:\/\/thewoodcrafts.com\/it\/terms-of-service\/","title":{"rendered":"Termini di servizio"},"content":{"rendered":"<h2 class=\"wp-block-heading\">Contenuti<\/h2>\n\n\n\n<ol class=\"wp-block-list\">\n<li>Definizioni<\/li>\n\n\n\n<li>L'identit\u00e0 dell'imprenditore<\/li>\n\n\n\n<li>Applicabilit\u00e0<\/li>\n\n\n\n<li>L'offerta<\/li>\n\n\n\n<li>L'accordo<\/li>\n\n\n\n<li>Diritto di recesso<\/li>\n\n\n\n<li>Obblighi del consumatore durante il periodo di riflessione<\/li>\n\n\n\n<li>Esercizio del diritto di recesso e costi correlati<\/li>\n\n\n\n<li>Obblighi dell'imprenditore in caso di recesso<\/li>\n\n\n\n<li>Prezzi<\/li>\n\n\n\n<li>Conformit\u00e0 e garanzie aggiuntive<\/li>\n\n\n\n<li>Consegna ed esecuzione<\/li>\n\n\n\n<li>Procedura di reclamo<\/li>\n\n\n\n<li>Termini e condizioni del concorso foto e timelapse<\/li>\n<\/ol>\n\n\n\n<hr class=\"wp-block-separator has-alpha-channel-opacity\"\/>\n\n\n\n<h2 class=\"wp-block-heading\">Articolo 1 - Definizioni<\/h2>\n\n\n\n<p>Nei presenti Termini e condizioni, i seguenti termini avranno il seguente significato:<\/p>\n\n\n\n<ul class=\"wp-block-list\">\n<li><strong>Accordo aggiuntivo<\/strong>: Un accordo in base al quale il Consumatore acquista prodotti, contenuti digitali e\/o servizi in relazione a un contratto a distanza, forniti dall'Imprenditore o da una terza parte in base a un accordo con l'Imprenditore.<\/li>\n\n\n\n<li><strong>Periodo di riflessione<\/strong>: Il periodo durante il quale il Consumatore pu\u00f2 esercitare il diritto di recesso.<\/li>\n\n\n\n<li><strong>Consumatore<\/strong>: Una persona fisica che non agisce nell'ambito di una professione o di un'attivit\u00e0 commerciale.<\/li>\n\n\n\n<li><strong>Giorno<\/strong>: Un giorno di calendario.<\/li>\n\n\n\n<li><strong>Contenuto digitale<\/strong>: Dati prodotti e consegnati in forma digitale.<\/li>\n\n\n\n<li><strong>Accordo in corso<\/strong>: Un contratto per la fornitura regolare di prodotti, servizi e\/o contenuti digitali per un periodo determinato.<\/li>\n\n\n\n<li><strong>Durevole Medio<\/strong>: Qualsiasi strumento - compresa la posta elettronica - che consenta al Consumatore o all'Imprenditore di memorizzare le informazioni per un riferimento futuro durante un periodo adeguato allo scopo delle informazioni.<\/li>\n\n\n\n<li><strong>Diritto di recesso<\/strong>: Il diritto del consumatore di annullare un contratto a distanza entro il periodo di riflessione.<\/li>\n\n\n\n<li><strong>Imprenditore<\/strong>: La persona giuridica definita all'articolo 2.<\/li>\n\n\n\n<li><strong>Contratto a distanza<\/strong>: Un contratto concluso tra l'imprenditore e il consumatore nell'ambito di un sistema organizzato per la vendita a distanza.<\/li>\n\n\n\n<li><strong>Modulo di ritiro standard<\/strong>: Il modulo riportato nell'Appendice 1.<\/li>\n\n\n\n<li><strong>Mezzi di comunicazione a distanza<\/strong>: Un metodo per concludere un contratto senza che le parti siano fisicamente presenti nello stesso luogo.<\/li>\n<\/ul>\n\n\n\n<hr class=\"wp-block-separator has-alpha-channel-opacity\"\/>\n\n\n\n<h2 class=\"wp-block-heading\">Articolo 2 - L'identit\u00e0 dell'imprenditore<\/h2>\n\n\n\n<p><strong>Nome della societ\u00e0<\/strong>: Domo lazeriai, MB<br><strong>Numero di registrazione<\/strong>: 305344823<br><strong>Indirizzo<\/strong>: U\u017eugriovio g. 5, U\u017eugriovis, LT-14256 Vilniaus r., Lituania<br><strong>Banca<\/strong>: Luminor<br><strong>IBAN<\/strong>: LT694010051005168187<br><strong>Telefono<\/strong>: +37060991045 (lun-sab 07:30-16:30 GMT+2)<br><strong>Email<\/strong>: <a>info@yourwoodenmap.com<\/a><\/p>\n\n\n\n<hr class=\"wp-block-separator has-alpha-channel-opacity\"\/>\n\n\n\n<h2 class=\"wp-block-heading\">Articolo 3 - Applicabilit\u00e0<\/h2>\n\n\n\n<p>I presenti Termini e Condizioni si applicano a ogni offerta e contratto a distanza stipulato tra l'Imprenditore e il Consumatore.<\/p>\n\n\n\n<p>Prima della conclusione di un contratto a distanza, le presenti Condizioni saranno messe gratuitamente a disposizione del Consumatore. Se ci\u00f2 non \u00e8 ragionevolmente possibile, il Consumatore sar\u00e0 informato del luogo in cui le Condizioni possono essere consultate elettronicamente o inviate su richiesta.<\/p>\n\n\n\n<p>Nel caso di contratti elettronici, le Condizioni saranno fornite in modo che il Consumatore possa facilmente memorizzarle su un supporto durevole. Se del caso, si applicheranno anche termini aggiuntivi per prodotti o servizi specifici. In caso di disposizioni contrastanti, si applicher\u00e0 l'interpretazione pi\u00f9 favorevole per il Consumatore.<\/p>\n\n\n\n<hr class=\"wp-block-separator has-alpha-channel-opacity\"\/>\n\n\n\n<h2 class=\"wp-block-heading\">Articolo 4 - L'offerta<\/h2>\n\n\n\n<p>L'offerta comprende una descrizione completa e accurata dei prodotti e\/o servizi. Le immagini utilizzate dall'Imprenditore devono rappresentare i prodotti in modo veritiero. Eventuali errori non vincolano l'Imprenditore.<\/p>\n\n\n\n<p>Il documento indica chiaramente che:<\/p>\n\n\n\n<ul class=\"wp-block-list\">\n<li>Se l'offerta \u00e8 limitata nel tempo.<\/li>\n\n\n\n<li>I diritti e gli obblighi connessi all'accettazione dell'offerta.<\/li>\n<\/ul>\n\n\n\n<hr class=\"wp-block-separator has-alpha-channel-opacity\"\/>\n\n\n\n<h2 class=\"wp-block-heading\">Articolo 5 - L'Accordo<\/h2>\n\n\n\n<p>Il contratto \u00e8 concluso quando il Consumatore accetta l'offerta e soddisfa le condizioni stabilite.<\/p>\n\n\n\n<p>Per gli ordini elettronici, l'Imprenditore dovr\u00e0:<\/p>\n\n\n\n<ul class=\"wp-block-list\">\n<li>Confermare immediatamente la ricezione dell'ordine.<\/li>\n\n\n\n<li>Utilizzare sistemi sicuri per la trasmissione dei dati e i pagamenti online.<\/li>\n\n\n\n<li>Mantenere il diritto di valutare la capacit\u00e0 del Consumatore di far fronte agli obblighi di pagamento e di rifiutare un ordine con una giustificazione.<\/li>\n<\/ul>\n\n\n\n<p>Alla conclusione dell'accordo, l'Imprenditore dovr\u00e0 fornire:<\/p>\n\n\n\n<ul class=\"wp-block-list\">\n<li>Informazioni di contatto per richieste o reclami.<\/li>\n\n\n\n<li>Informazioni sul diritto di recesso.<\/li>\n\n\n\n<li>Assistenza e garanzie post-vendita.<\/li>\n\n\n\n<li>Il modulo di recesso standard.<\/li>\n<\/ul>\n\n\n\n<hr class=\"wp-block-separator has-alpha-channel-opacity\"\/>\n\n\n\n<h2 class=\"wp-block-heading\">Articolo 6 - Diritto di recesso<\/h2>\n\n\n\n<p>Il Consumatore ha il diritto di recedere da un acquisto entro 14 giorni senza indicarne il motivo.<\/p>\n\n\n\n<p>Inizia il periodo di riflessione:<\/p>\n\n\n\n<ul class=\"wp-block-list\">\n<li>Dal giorno in cui il Consumatore o un terzo designato riceve il prodotto.<\/li>\n\n\n\n<li>Per gli articoli multipli: il giorno in cui viene ricevuto l'ultimo prodotto.<\/li>\n\n\n\n<li>Per le consegne programmate: il giorno di ricezione del primo prodotto.<\/li>\n<\/ul>\n\n\n\n<hr class=\"wp-block-separator has-alpha-channel-opacity\"\/>\n\n\n\n<h2 class=\"wp-block-heading\">Articolo 7 - Obblighi del consumatore durante il periodo di riflessione<\/h2>\n\n\n\n<p>Durante questo periodo, il Consumatore dovr\u00e0 maneggiare il prodotto e l'imballaggio con cura, solo nella misura necessaria per valutare il prodotto.<\/p>\n\n\n\n<p>Se il prodotto si svaluta a causa di una manipolazione eccessiva, il Consumatore pu\u00f2 essere responsabile della diminuzione del valore, a meno che l'Imprenditore non abbia omesso di fornire informazioni sul diritto di recesso.<\/p>\n\n\n\n<hr class=\"wp-block-separator has-alpha-channel-opacity\"\/>\n\n\n\n<h2 class=\"wp-block-heading\">Articolo 8 - Esercizio del diritto di recesso<\/h2>\n\n\n\n<p>Il Consumatore deve informare chiaramente l'Imprenditore (preferibilmente tramite il modulo di recesso) entro il periodo di riflessione.<\/p>\n\n\n\n<p>Il Consumatore deve restituire il prodotto entro 14 giorni dalla notifica, a meno che l'Imprenditore non si offra di ritirarlo. Il prodotto deve essere restituito nelle condizioni e nell'imballaggio originali.<\/p>\n\n\n\n<p>Le spese di restituzione sono a carico del Consumatore, salvo diversa indicazione.<\/p>\n\n\n\n<hr class=\"wp-block-separator has-alpha-channel-opacity\"\/>\n\n\n\n<h2 class=\"wp-block-heading\">Articolo 9 - Obblighi dell'imprenditore in caso di recesso<\/h2>\n\n\n\n<p>Al momento del ritiro:<\/p>\n\n\n\n<ul class=\"wp-block-list\">\n<li>L'Imprenditore confermer\u00e0 la ricezione del ritiro (se presentato per via elettronica).<\/li>\n\n\n\n<li>Rimborsiamo tutti i pagamenti (escluse eventuali spese di spedizione extra) entro 14 giorni dalla ricezione del reso o dalla presentazione della prova di reso.<\/li>\n<\/ul>\n\n\n\n<p>I rimborsi vengono effettuati utilizzando lo stesso metodo di pagamento, salvo accordi diversi.<\/p>\n\n\n\n<hr class=\"wp-block-separator has-alpha-channel-opacity\"\/>\n\n\n\n<h2 class=\"wp-block-heading\">Articolo 10 - Prezzi<\/h2>\n\n\n\n<ul class=\"wp-block-list\">\n<li>I prezzi sono validi per la durata indicata nell'offerta.<\/li>\n\n\n\n<li>I prezzi sono comprensivi di IVA, a meno che il Consumatore non si trovi al di fuori dell'UE, nel qual caso l'IVA pu\u00f2 essere esclusa in base al luogo di consegna.<\/li>\n\n\n\n<li>Le variazioni di prezzo sono consentite solo se dovute a modifiche fiscali\/legali o a prezzi variabili concordati.<\/li>\n<\/ul>\n\n\n\n<hr class=\"wp-block-separator has-alpha-channel-opacity\"\/>\n\n\n\n<h2 class=\"wp-block-heading\">Articolo 11 - Adempimenti e garanzie supplementari<\/h2>\n\n\n\n<p>I prodotti devono essere conformi al contratto, alle descrizioni dei prodotti e alle norme di legge.<\/p>\n\n\n\n<p>Una garanzia aggiuntiva (oltre i diritti legali) non limita le garanzie legali. Include qualsiasi promessa volontaria da parte dell'imprenditore o del produttore.<\/p>\n\n\n\n<p><strong>Nota<\/strong>:<\/p>\n\n\n\n<ul class=\"wp-block-list\">\n<li>Gli strati di impiallacciatura delle mappe possono spostarsi fino a 1 mm a causa dei materiali naturali utilizzati.<\/li>\n\n\n\n<li>La curvatura del legno e il leggero odore di legno bruciato possono essere dovuti al taglio laser.<\/li>\n\n\n\n<li>La fuliggine sui bordi delle mappe \u00e8 normale e non influisce sulla qualit\u00e0.<\/li>\n<\/ul>\n\n\n\n<hr class=\"wp-block-separator has-alpha-channel-opacity\"\/>\n\n\n\n<h2 class=\"wp-block-heading\">Articolo 12 - Consegna ed esecuzione<\/h2>\n\n\n\n<p>L'imprenditore si occupa dell'elaborazione e della consegna degli ordini.<\/p>\n\n\n\n<p>Se non diversamente concordato, la consegna avverr\u00e0 entro 30 giorni. Ritardi o ordini incompleti danno diritto al Consumatore di recedere gratuitamente dal contratto.<\/p>\n\n\n\n<p>Il rischio di danni o perdite passa al Consumatore al momento della consegna, se non diversamente concordato.<\/p>\n\n\n\n<p>La forza maggiore esonera entrambe le parti dalla responsabilit\u00e0 contrattuale.<\/p>\n\n\n\n<hr class=\"wp-block-separator has-alpha-channel-opacity\"\/>\n\n\n\n<h2 class=\"wp-block-heading\">Articolo 13 - Procedura di reclamo<\/h2>\n\n\n\n<p>I reclami devono essere presentati in modo chiaro e tempestivo dopo la scoperta dei difetti.<\/p>\n\n\n\n<p>L'Imprenditore dovr\u00e0:<\/p>\n\n\n\n<ul class=\"wp-block-list\">\n<li>Rispondere ai reclami entro 14 giorni.<\/li>\n\n\n\n<li>Fornire una tempistica di risoluzione prevista se \u00e8 necessario pi\u00f9 tempo.<\/li>\n<\/ul>\n\n\n\n<hr class=\"wp-block-separator has-alpha-channel-opacity\"\/>\n\n\n\n<h2 class=\"wp-block-heading\">Appendice 1 - Modulo di ritiro<\/h2>\n\n\n\n<p>[Inserire il link o il file del modulo di recesso standard scaricabile dall'UE].<\/p>\n\n\n\n<hr class=\"wp-block-separator has-alpha-channel-opacity\"\/>\n\n\n\n<h2 class=\"wp-block-heading\">Articolo 14 - Termini e condizioni del concorso foto e timelapse<\/h2>\n\n\n\n<ul class=\"wp-block-list\">\n<li>Promotore: <strong>La vostra mappa di legno<\/strong><\/li>\n\n\n\n<li>I dipendenti o gli affiliati di Your Wooden Map non possono partecipare.<\/li>\n\n\n\n<li>Per partecipare \u00e8 necessario un acquisto valido di un prodotto Your Wooden Map.<\/li>\n\n\n\n<li>Le iscrizioni devono essere inviate via WhatsApp: +37060991045<\/li>\n\n\n\n<li>Scadenza: 31 gennaio 2022<\/li>\n\n\n\n<li>Le iscrizioni devono includere un'installazione <strong>foto<\/strong> o <strong>video in timelapse<\/strong>.<\/li>\n\n\n\n<li>I vincitori saranno scelti in base alla creativit\u00e0 e alla qualit\u00e0.<\/li>\n\n\n\n<li>I vincitori saranno avvisati entro 28 giorni dalla data di chiusura.<\/li>\n\n\n\n<li>Se non viene reclamato, il premio pu\u00f2 essere riassegnato.<\/li>\n\n\n\n<li>I premi non sono trasferibili.<\/li>\n\n\n\n<li>I diritti d'autore rimangono ai partecipanti, ma Your Wooden Map si riserva il diritto di utilizzare i lavori inviati per scopi promozionali.<\/li>\n<\/ul>\n\n\n\n<p><strong>Giurisdizione legale<\/strong>: Si applica il diritto lituano. Le controversie saranno risolte dai tribunali della Repubblica di Lituania.<\/p>","protected":false},"excerpt":{"rendered":"<p>Contents Article 1 \u2013 Definitions In these Terms and Conditions, the following terms shall have the following meanings: Article 2<\/p>","protected":false},"author":1,"featured_media":16,"parent":0,"menu_order":0,"comment_status":"closed","ping_status":"closed","template":"","meta":{"_seopress_robots_primary_cat":"","_seopress_titles_title":"%%post_title%% %%sep%% %%sitetitle%%","_seopress_titles_desc":"Terms of Service - Your Wooden Map","_seopress_robots_index":"yes","footnotes":""},"class_list":["post-29058","page","type-page","status-publish","has-post-thumbnail","hentry"],"_links":{"self":[{"href":"https:\/\/thewoodcrafts.com\/it\/wp-json\/wp\/v2\/pages\/29058","targetHints":{"allow":["GET"]}}],"collection":[{"href":"https:\/\/thewoodcrafts.com\/it\/wp-json\/wp\/v2\/pages"}],"about":[{"href":"https:\/\/thewoodcrafts.com\/it\/wp-json\/wp\/v2\/types\/page"}],"author":[{"embeddable":true,"href":"https:\/\/thewoodcrafts.com\/it\/wp-json\/wp\/v2\/users\/1"}],"replies":[{"embeddable":true,"href":"https:\/\/thewoodcrafts.com\/it\/wp-json\/wp\/v2\/comments?post=29058"}],"version-history":[{"count":0,"href":"https:\/\/thewoodcrafts.com\/it\/wp-json\/wp\/v2\/pages\/29058\/revisions"}],"wp:featuredmedia":[{"embeddable":true,"href":"https:\/\/thewoodcrafts.com\/it\/wp-json\/wp\/v2\/media\/16"}],"wp:attachment":[{"href":"https:\/\/thewoodcrafts.com\/it\/wp-json\/wp\/v2\/media?parent=29058"}],"curies":[{"name":"wp","href":"https:\/\/api.w.org\/{rel}","templated":true}]}}