{"id":29316,"date":"2025-07-21T17:34:45","date_gmt":"2025-07-21T14:34:45","guid":{"rendered":"https:\/\/thewoodcrafts.com\/?post_type=product&#038;p=29316"},"modified":"2025-08-27T14:43:54","modified_gmt":"2025-08-27T11:43:54","slug":"wooden-map-of-lithuania","status":"publish","type":"product","link":"https:\/\/thewoodcrafts.com\/it\/prodotto\/wooden-map-of-lithuania\/","title":{"rendered":"Mappa di legno della Lituania"},"content":{"rendered":"<div data-elementor-type=\"wp-post\" data-elementor-id=\"29316\" class=\"elementor elementor-29316\">\n\t\t\t\t<div class=\"elementor-element elementor-element-cec754d wd-section-stretch e-flex e-con-boxed e-con e-parent\" data-id=\"cec754d\" data-element_type=\"container\" data-settings=\"{&quot;background_background&quot;:&quot;classic&quot;}\">\n\t\t\t\t\t<div class=\"e-con-inner\">\n\t\t\t\t<div class=\"elementor-element elementor-element-3f8ba31 wd-width-100 elementor-widget elementor-widget-wd_title\" data-id=\"3f8ba31\" data-element_type=\"widget\" data-widget_type=\"wd_title.default\">\n\t\t\t\t<div class=\"elementor-widget-container\">\n\t\t\t\t\t\t\t<div class=\"title-wrapper wd-set-mb reset-last-child wd-title-color-default wd-title-style-default wd-title-size-default text-center\">\n\n\t\t\t\n\t\t\t<div class=\"liner-continer\">\n\t\t\t\t<h4 class=\"woodmart-title-container title wd-fontsize-l\">Mappa di legno della Lituania<\/h4> \n\t\t\t\t\t\t\t<\/div>\n\n\t\t\t\t\t\t\t<div class=\"title-after_title reset-last-child wd-fontsize-xs\">\n\t\t\t\t\t<p>Portate la Lituania in casa vostra con questa splendida opera artigianale. <strong>mappa in legno della Lituania<\/strong>con i nomi dei comuni incisi con precisione. Che siate orgogliosi del luogo, espatriati che desiderano tornare a casa o semplicemente appassionati di geografia, questa mappa \u00e8 pi\u00f9 di una semplice decorazione. \u00c8 una celebrazione dell'identit\u00e0, delle radici e dell'esplorazione.<\/p>\t\t\t\t<\/div>\n\t\t\t\t\t<\/div>\n\t\t\t\t\t\t<\/div>\n\t\t\t\t<\/div>\n\t\t\t\t\t<\/div>\n\t\t\t\t<\/div>\n\t\t<div class=\"wd-negative-gap elementor-element elementor-element-8ef78b9 e-flex e-con-boxed e-con e-parent\" data-id=\"8ef78b9\" data-element_type=\"container\">\n\t\t\t\t\t<div class=\"e-con-inner\">\n\t\t<div class=\"elementor-element elementor-element-1fc74ba e-con-full e-flex e-con e-child\" data-id=\"1fc74ba\" data-element_type=\"container\">\n\t\t<div class=\"elementor-element elementor-element-08ad7ba e-con-full e-flex e-con e-child\" data-id=\"08ad7ba\" data-element_type=\"container\">\n\t\t\t\t<div class=\"elementor-element elementor-element-9635344 elementor-widget elementor-widget-image\" data-id=\"9635344\" data-element_type=\"widget\" data-widget_type=\"image.default\">\n\t\t\t\t\t\t\t\t\t\t\t\t\t\t\t<img alt=\"\" fetchpriority=\"high\" decoding=\"async\" width=\"970\" height=\"800\" src=\"https:\/\/thewoodcrafts.com\/wp-content\/uploads\/2025\/07\/Size-guide-Country-map-2000-x-1650-px-970x800.jpg\" class=\"attachment-large size-large wp-image-29663\" srcset=\"https:\/\/thewoodcrafts.com\/wp-content\/uploads\/2025\/07\/Size-guide-Country-map-2000-x-1650-px-970x800.jpg 970w, https:\/\/thewoodcrafts.com\/wp-content\/uploads\/2025\/07\/Size-guide-Country-map-2000-x-1650-px-364x300.jpg 364w, https:\/\/thewoodcrafts.com\/wp-content\/uploads\/2025\/07\/Size-guide-Country-map-2000-x-1650-px-768x634.jpg 768w, https:\/\/thewoodcrafts.com\/wp-content\/uploads\/2025\/07\/Size-guide-Country-map-2000-x-1650-px-1536x1267.jpg 1536w, https:\/\/thewoodcrafts.com\/wp-content\/uploads\/2025\/07\/Size-guide-Country-map-2000-x-1650-px-430x355.jpg 430w, https:\/\/thewoodcrafts.com\/wp-content\/uploads\/2025\/07\/Size-guide-Country-map-2000-x-1650-px-700x578.jpg 700w, https:\/\/thewoodcrafts.com\/wp-content\/uploads\/2025\/07\/Size-guide-Country-map-2000-x-1650-px-150x124.jpg 150w, https:\/\/thewoodcrafts.com\/wp-content\/uploads\/2025\/07\/Size-guide-Country-map-2000-x-1650-px.jpg 1920w\" sizes=\"(max-width: 970px) 100vw, 970px\" \/>\t\t\t\t\t\t\t\t\t\t\t\t\t\t\t<\/div>\n\t\t\t\t<\/div>\n\t\t<div class=\"elementor-element elementor-element-d19488b e-con-full e-flex e-con e-child\" data-id=\"d19488b\" data-element_type=\"container\">\n\t\t\t\t<div class=\"elementor-element elementor-element-1478758 wd-width-100 elementor-widget elementor-widget-wd_title\" data-id=\"1478758\" data-element_type=\"widget\" data-widget_type=\"wd_title.default\">\n\t\t\t\t<div class=\"elementor-widget-container\">\n\t\t\t\t\t\t\t<div class=\"title-wrapper wd-set-mb reset-last-child wd-title-color-default wd-title-style-default wd-title-size-default text-center\">\n\n\t\t\t\n\t\t\t<div class=\"liner-continer\">\n\t\t\t\t<h4 class=\"woodmart-title-container title wd-fontsize-l\">Perch\u00e9 vi piacer\u00e0<\/h4> \n\t\t\t\t\t\t\t<\/div>\n\n\t\t\t\t\t\t\t<div class=\"title-after_title reset-last-child wd-fontsize-xs\">\n\t\t\t\t\t<p>A <strong>centrotavola elegante<\/strong> per il soggiorno, l'ufficio o lo studio<\/p><p>A <strong>regalo perfetto<\/strong> per viaggiatori, patrioti e amanti del design<\/p><p>Un grande <strong>avviamento alla conversazione<\/strong> - Metti alla prova i tuoi amici sulla geografia lituana!<\/p><p>Incoraggia bambini e adulti a <strong>conoscere le regioni della Lituania<\/strong> in modo visivo e tattile<\/p>\t\t\t\t<\/div>\n\t\t\t\t\t<\/div>\n\t\t\t\t\t\t<\/div>\n\t\t\t\t<\/div>\n\t\t\t\t<\/div>\n\t\t\t\t<\/div>\n\t\t\t\t\t<\/div>\n\t\t\t\t<\/div>\n\t\t<div class=\"wd-negative-gap elementor-element elementor-element-f2e207c e-flex e-con-boxed e-con e-parent\" data-id=\"f2e207c\" data-element_type=\"container\">\n\t\t\t\t\t<div class=\"e-con-inner\">\n\t\t<div class=\"elementor-element elementor-element-92adcc7 e-con-full e-flex e-con e-child\" data-id=\"92adcc7\" data-element_type=\"container\">\n\t\t<div class=\"elementor-element elementor-element-382a30b e-con-full e-flex e-con e-child\" data-id=\"382a30b\" data-element_type=\"container\">\n\t\t\t\t<div class=\"elementor-element elementor-element-7369cfb elementor-widget elementor-widget-image\" data-id=\"7369cfb\" data-element_type=\"widget\" data-widget_type=\"image.default\">\n\t\t\t\t\t\t\t\t\t\t\t\t\t\t\t<img alt=\"\" decoding=\"async\" width=\"800\" height=\"800\" src=\"https:\/\/thewoodcrafts.com\/wp-content\/uploads\/2025\/07\/Map-styles-2000-x-2000-px-800x800.jpg\" class=\"attachment-large size-large wp-image-29132\" srcset=\"https:\/\/thewoodcrafts.com\/wp-content\/uploads\/2025\/07\/Map-styles-2000-x-2000-px-800x800.jpg 800w, https:\/\/thewoodcrafts.com\/wp-content\/uploads\/2025\/07\/Map-styles-2000-x-2000-px-300x300.jpg 300w, https:\/\/thewoodcrafts.com\/wp-content\/uploads\/2025\/07\/Map-styles-2000-x-2000-px-150x150.jpg 150w, https:\/\/thewoodcrafts.com\/wp-content\/uploads\/2025\/07\/Map-styles-2000-x-2000-px-768x768.jpg 768w, https:\/\/thewoodcrafts.com\/wp-content\/uploads\/2025\/07\/Map-styles-2000-x-2000-px-1536x1536.jpg 1536w, https:\/\/thewoodcrafts.com\/wp-content\/uploads\/2025\/07\/Map-styles-2000-x-2000-px-650x650.jpg 650w, https:\/\/thewoodcrafts.com\/wp-content\/uploads\/2025\/07\/Map-styles-2000-x-2000-px-1300x1300.jpg 1300w, https:\/\/thewoodcrafts.com\/wp-content\/uploads\/2025\/07\/Map-styles-2000-x-2000-px-430x430.jpg 430w, https:\/\/thewoodcrafts.com\/wp-content\/uploads\/2025\/07\/Map-styles-2000-x-2000-px-700x700.jpg 700w, https:\/\/thewoodcrafts.com\/wp-content\/uploads\/2025\/07\/Map-styles-2000-x-2000-px.jpg 1920w\" sizes=\"(max-width: 800px) 100vw, 800px\" \/>\t\t\t\t\t\t\t\t\t\t\t\t\t\t\t<\/div>\n\t\t\t\t<\/div>\n\t\t<div class=\"elementor-element elementor-element-b17361f e-con-full e-flex e-con e-child\" data-id=\"b17361f\" data-element_type=\"container\">\n\t\t\t\t<div class=\"elementor-element elementor-element-01c9a78 wd-width-100 elementor-widget elementor-widget-wd_title\" data-id=\"01c9a78\" data-element_type=\"widget\" data-widget_type=\"wd_title.default\">\n\t\t\t\t<div class=\"elementor-widget-container\">\n\t\t\t\t\t\t\t<div class=\"title-wrapper wd-set-mb reset-last-child wd-title-color-default wd-title-style-default wd-title-size-default text-center\">\n\n\t\t\t\n\t\t\t<div class=\"liner-continer\">\n\t\t\t\t<h4 class=\"woodmart-title-container title wd-fontsize-l\">Ideale per:<\/h4> \n\t\t\t\t\t\t\t<\/div>\n\n\t\t\t\t\t\t\t<div class=\"title-after_title reset-last-child wd-fontsize-xs\">\n\t\t\t\t\t<p>Interni di case e uffici<\/p><p>Regali per i lituani all'estero<\/p><p>Scopi educativi nelle scuole<\/p><p>Souvenir e celebrazioni nazionali<\/p>\t\t\t\t<\/div>\n\t\t\t\t\t<\/div>\n\t\t\t\t\t\t<\/div>\n\t\t\t\t<\/div>\n\t\t\t\t<\/div>\n\t\t\t\t<\/div>\n\t\t\t\t\t<\/div>\n\t\t\t\t<\/div>\n\t\t\t\t<\/div>","protected":false},"excerpt":{"rendered":"<p>Esplorate la Lituania in modo unico con questa mappa in legno realizzata a mano: un pezzo significativo che riflette il vostro amore per il Paese e la vostra curiosit\u00e0 per ogni suo angolo.<\/p>","protected":false},"featured_media":29680,"comment_status":"open","ping_status":"closed","template":"","meta":{"_seopress_robots_primary_cat":"none","_seopress_titles_title":"Wooden Map of Lithuania: Handcrafted Wall Art for Your Home","_seopress_titles_desc":"Discover the beauty of Lithuania with our laser-cut wooden map. Intricate detail & eco-friendly materials. Explore now & find your perfect size!","_seopress_robots_index":""},"product_brand":[],"product_cat":[89,96],"product_tag":[],"class_list":{"0":"post-29316","1":"product","2":"type-product","3":"status-publish","4":"has-post-thumbnail","6":"product_cat-maps-of-lithuania","7":"product_cat-wooden-maps","9":"first","10":"instock","11":"shipping-taxable","12":"purchasable","13":"product-type-variable","14":"has-default-attributes"},"_links":{"self":[{"href":"https:\/\/thewoodcrafts.com\/it\/wp-json\/wp\/v2\/product\/29316","targetHints":{"allow":["GET"]}}],"collection":[{"href":"https:\/\/thewoodcrafts.com\/it\/wp-json\/wp\/v2\/product"}],"about":[{"href":"https:\/\/thewoodcrafts.com\/it\/wp-json\/wp\/v2\/types\/product"}],"replies":[{"embeddable":true,"href":"https:\/\/thewoodcrafts.com\/it\/wp-json\/wp\/v2\/comments?post=29316"}],"version-history":[{"count":0,"href":"https:\/\/thewoodcrafts.com\/it\/wp-json\/wp\/v2\/product\/29316\/revisions"}],"wp:featuredmedia":[{"embeddable":true,"href":"https:\/\/thewoodcrafts.com\/it\/wp-json\/wp\/v2\/media\/29680"}],"wp:attachment":[{"href":"https:\/\/thewoodcrafts.com\/it\/wp-json\/wp\/v2\/media?parent=29316"}],"wp:term":[{"taxonomy":"product_brand","embeddable":true,"href":"https:\/\/thewoodcrafts.com\/it\/wp-json\/wp\/v2\/product_brand?post=29316"},{"taxonomy":"product_cat","embeddable":true,"href":"https:\/\/thewoodcrafts.com\/it\/wp-json\/wp\/v2\/product_cat?post=29316"},{"taxonomy":"product_tag","embeddable":true,"href":"https:\/\/thewoodcrafts.com\/it\/wp-json\/wp\/v2\/product_tag?post=29316"}],"curies":[{"name":"wp","href":"https:\/\/api.w.org\/{rel}","templated":true}]}}