{"id":29058,"date":"2025-07-21T11:31:01","date_gmt":"2025-07-21T08:31:01","guid":{"rendered":"https:\/\/thewoodcrafts.com\/?page_id=29058"},"modified":"2025-07-21T11:39:54","modified_gmt":"2025-07-21T08:39:54","slug":"terms-of-service","status":"publish","type":"page","link":"https:\/\/thewoodcrafts.com\/lt\/terms-of-service\/","title":{"rendered":"Paslaug\u0173 teikimo s\u0105lygos"},"content":{"rendered":"<h2 class=\"wp-block-heading\">Turinys<\/h2>\n\n\n\n<ol class=\"wp-block-list\">\n<li>Apibr\u0117\u017etys<\/li>\n\n\n\n<li>Verslininko tapatyb\u0117<\/li>\n\n\n\n<li>Taikomumas<\/li>\n\n\n\n<li>Pasi\u016blymas<\/li>\n\n\n\n<li>Susitarimas<\/li>\n\n\n\n<li>Teis\u0117 atsisakyti sutarties<\/li>\n\n\n\n<li>Vartotojo pareigos per svarstymo laikotarp\u012f<\/li>\n\n\n\n<li>Pasinaudojimas teise atsisakyti sutarties ir susijusios i\u0161laidos<\/li>\n\n\n\n<li>Verslininko \u012fsipareigojimai pasitraukimo atveju<\/li>\n\n\n\n<li>Kainos<\/li>\n\n\n\n<li>Atitiktis ir papildomos garantijos<\/li>\n\n\n\n<li>Pristatymas ir vykdymas<\/li>\n\n\n\n<li>Skund\u0173 nagrin\u0117jimo proced\u016bra<\/li>\n\n\n\n<li>Nuotrauk\u0173 ir laiko juost\u0173 konkurso s\u0105lygos ir nuostatos<\/li>\n<\/ol>\n\n\n\n<hr class=\"wp-block-separator has-alpha-channel-opacity\"\/>\n\n\n\n<h2 class=\"wp-block-heading\">1 straipsnis - Apibr\u0117\u017etys<\/h2>\n\n\n\n<p>\u0160iose S\u0105lygose ir s\u0105lygose toliau nurodytos s\u0105vokos turi \u0161ias reik\u0161mes:<\/p>\n\n\n\n<ul class=\"wp-block-list\">\n<li><strong>Papildomas susitarimas<\/strong>: Sutartis, pagal kuri\u0105 vartotojas \u012fsigyja produktus, skaitmenin\u012f turin\u012f ir (arba) paslaugas, susijusias su nuotolin\u0117s prekybos sutartimi, o juos teikia verslininkas arba tre\u010dioji \u0161alis pagal susitarim\u0105 su verslininku.<\/li>\n\n\n\n<li><strong>Apm\u0105stym\u0173 laikotarpis<\/strong>: Laikotarpis, per kur\u012f vartotojas gali pasinaudoti teise atsisakyti sutarties.<\/li>\n\n\n\n<li><strong>Vartotojai<\/strong>: Fizinis asmuo, kuris nesiver\u010dia profesine ar verslo veikla.<\/li>\n\n\n\n<li><strong>Diena<\/strong>: Kalendorin\u0117 diena.<\/li>\n\n\n\n<li><strong>Skaitmeninis turinys<\/strong>: Skaitmenine forma parengti ir pateikti duomenys.<\/li>\n\n\n\n<li><strong>T\u0119stinis susitarimas<\/strong>: Sutartis d\u0117l reguliaraus produkt\u0173, paslaug\u0173 ir (arba) skaitmeninio turinio pristatymo per tam tikr\u0105 laikotarp\u012f.<\/li>\n\n\n\n<li><strong>Patvarus vidutinis<\/strong>: Bet kokia priemon\u0117, \u012fskaitant el. pa\u0161t\u0105, kuria vartotojas ar verslininkas gali saugoti informacij\u0105, kad j\u0105 gal\u0117t\u0173 naudoti ateityje, informacijos paskirt\u012f atitinkan\u010diu laikotarpiu.<\/li>\n\n\n\n<li><strong>Teis\u0117 atsisakyti sutarties<\/strong>: Vartotojo teis\u0117 nutraukti nuotolin\u0117s prekybos sutart\u012f per svarstymo laikotarp\u012f.<\/li>\n\n\n\n<li><strong>Verslininkas<\/strong>: 2 straipsnyje apibr\u0117\u017etas juridinis asmuo.<\/li>\n\n\n\n<li><strong>Nuotolin\u0117 sutartis<\/strong>: Sutartis, sudaryta tarp verslininko ir vartotojo pagal nuotolin\u0117s prekybos sistem\u0105.<\/li>\n\n\n\n<li><strong>Standartin\u0117 at\u0161aukimo forma<\/strong>: 1 pried\u0117lyje pateikta forma.<\/li>\n\n\n\n<li><strong>Nuotolinio bendravimo priemon\u0117s<\/strong>: Tai b\u016bdas sudaryti sutart\u012f \u0161alims fizi\u0161kai nesant toje pa\u010dioje vietoje.<\/li>\n<\/ul>\n\n\n\n<hr class=\"wp-block-separator has-alpha-channel-opacity\"\/>\n\n\n\n<h2 class=\"wp-block-heading\">2 straipsnis - Verslininko tapatyb\u0117<\/h2>\n\n\n\n<p><strong>\u012emon\u0117s pavadinimas<\/strong>: Domo lazeriai, MB<br><strong>Registracijos numeris<\/strong>: 305344823<br><strong>Adresas<\/strong>: U\u017eugriovio g. 5, U\u017eugriovis, LT-14256 Vilniaus r., Lietuva<br><strong>Bankas<\/strong>: Luminor<br><strong>IBAN<\/strong>: LT694010051005168187<br><strong>Telefonas<\/strong>: +37060991045 (pirmadieniais-\u0161e\u0161tadieniais 07:30-16:30 GMT+2)<br><strong>El. pa\u0161tas<\/strong>: <a>info@yourwoodenmap.com<\/a><\/p>\n\n\n\n<hr class=\"wp-block-separator has-alpha-channel-opacity\"\/>\n\n\n\n<h2 class=\"wp-block-heading\">3 straipsnis - Taikymas<\/h2>\n\n\n\n<p>\u0160ios Taisykl\u0117s ir s\u0105lygos taikomos kiekvienam verslininko ir vartotojo sudarytam pasi\u016blymui ir nuotolin\u0117s prekybos sutar\u010diai.<\/p>\n\n\n\n<p>Prie\u0161 sudarant nuotolin\u0119 sutart\u012f, \u0161ios s\u0105lygos nemokamai pateikiamos vartotojui. Jei tai pagr\u012fstai ne\u012fmanoma, vartotojas bus informuotas, kur galima susipa\u017einti su S\u0105lygomis elektroniniu b\u016bdu arba kur jos gali b\u016bti atsi\u0173stos papra\u0161ius.<\/p>\n\n\n\n<p>Jei sutartys sudaromos elektroniniu b\u016bdu, S\u0105lygos bus pateiktos taip, kad vartotojas gal\u0117t\u0173 lengvai jas i\u0161saugoti patvariojoje laikmenoje. Atitinkamais atvejais taip pat taikomos papildomos s\u0105lygos, skirtos konkretiems produktams ar paslaugoms. Esant prie\u0161taringoms nuostatoms, bus taikomas Vartotojui palankiausias ai\u0161kinimas.<\/p>\n\n\n\n<hr class=\"wp-block-separator has-alpha-channel-opacity\"\/>\n\n\n\n<h2 class=\"wp-block-heading\">4 straipsnis - Pasi\u016blymas<\/h2>\n\n\n\n<p>Pasi\u016blyme pateikiamas i\u0161samus ir tikslus produkt\u0173 ir (arba) paslaug\u0173 apra\u0161ymas. Verslininko naudojamos vaizdin\u0117s priemon\u0117s turi teisingai atspind\u0117ti produktus. Bet kokios klaidos n\u0117ra privalomos Verslininkui.<\/p>\n\n\n\n<p>Jame bus ai\u0161kiai nurodyta:<\/p>\n\n\n\n<ul class=\"wp-block-list\">\n<li>Jei pasi\u016blymas yra terminuotas.<\/li>\n\n\n\n<li>Teis\u0117s ir pareigos, susijusios su pasi\u016blymo pri\u0117mimu.<\/li>\n<\/ul>\n\n\n\n<hr class=\"wp-block-separator has-alpha-channel-opacity\"\/>\n\n\n\n<h2 class=\"wp-block-heading\">5 straipsnis - Susitarimas<\/h2>\n\n\n\n<p>Sutartis sudaroma, kai vartotojas priima pasi\u016blym\u0105 ir \u012fvykdo nustatytas s\u0105lygas.<\/p>\n\n\n\n<p>Elektronini\u0173 u\u017esakym\u0173 atveju verslininkas:<\/p>\n\n\n\n<ul class=\"wp-block-list\">\n<li>Nedelsdami patvirtinkite u\u017esakymo gavim\u0105.<\/li>\n\n\n\n<li>Naudokite saugias duomen\u0173 perdavimo ir internetini\u0173 mok\u0117jim\u0173 sistemas.<\/li>\n\n\n\n<li>pasilikti teis\u0119 \u012fvertinti vartotojo geb\u0117jim\u0105 vykdyti mok\u0117jimo \u012fsipareigojimus ir motyvuotai atmesti u\u017esakym\u0105.<\/li>\n<\/ul>\n\n\n\n<p>Sudarius sutart\u012f, verslininkas pateikia:<\/p>\n\n\n\n<ul class=\"wp-block-list\">\n<li>Kontaktin\u0117 informacija u\u017eklausoms ar skundams pateikti.<\/li>\n\n\n\n<li>Informacija apie teis\u0119 atsisakyti sutarties.<\/li>\n\n\n\n<li>Popardaviminis aptarnavimas ir garantijos.<\/li>\n\n\n\n<li>Standartin\u0117 atsisakymo forma.<\/li>\n<\/ul>\n\n\n\n<hr class=\"wp-block-separator has-alpha-channel-opacity\"\/>\n\n\n\n<h2 class=\"wp-block-heading\">6 straipsnis - Teis\u0117 atsisakyti sutarties<\/h2>\n\n\n\n<p>Vartotojas turi teis\u0119 atsisakyti pirkimo per 14 dien\u0173 nenurodydamas prie\u017easties.<\/p>\n\n\n\n<p>Prasideda apm\u0105stym\u0173 laikotarpis:<\/p>\n\n\n\n<ul class=\"wp-block-list\">\n<li>Nuo tos dienos, kai vartotojas arba paskirta tre\u010dioji \u0161alis gauna gamin\u012f.<\/li>\n\n\n\n<li>Kelioms prek\u0117ms: paskutinio produkto gavimo dien\u0105.<\/li>\n\n\n\n<li>Jei pristatoma pagal grafik\u0105: pirmojo produkto gavimo dien\u0105.<\/li>\n<\/ul>\n\n\n\n<hr class=\"wp-block-separator has-alpha-channel-opacity\"\/>\n\n\n\n<h2 class=\"wp-block-heading\">7 straipsnis - Vartotoj\u0173 pareigos per svarstymo laikotarp\u012f<\/h2>\n\n\n\n<p>\u0160iuo laikotarpiu vartotojas turi elgtis su gaminiu ir pakuote atsargiai, tik tiek, kiek reikia gaminiui \u012fvertinti.<\/p>\n\n\n\n<p>Jei produkto vert\u0117 suma\u017e\u0117ja d\u0117l pernelyg ilgo tvarkymo, vartotojas gali b\u016bti atsakingas u\u017e suma\u017e\u0117jusi\u0105 vert\u0119, nebent verslininkas nepateik\u0117 informacijos apie teis\u0119 atsisakyti sutarties.<\/p>\n\n\n\n<hr class=\"wp-block-separator has-alpha-channel-opacity\"\/>\n\n\n\n<h2 class=\"wp-block-heading\">8 straipsnis - Naudojimasis teise atsisakyti sutarties<\/h2>\n\n\n\n<p>Vartotojas turi ai\u0161kiai prane\u0161ti verslininkui (pageidautina per atsisakymo form\u0105) per apsvarstymo laikotarp\u012f.<\/p>\n\n\n\n<p>Vartotojas privalo gr\u0105\u017einti gamin\u012f per 14 dien\u0173 nuo \u0161io prane\u0161imo, nebent verslininkas pasi\u016blyt\u0173 j\u012f atsiimti. Gaminys turi b\u016bti gr\u0105\u017eintas originalios b\u016bkl\u0117s ir supakuotas.<\/p>\n\n\n\n<p>Jei nenurodyta kitaip, gr\u0105\u017einimo i\u0161laidas apmoka vartotojas.<\/p>\n\n\n\n<hr class=\"wp-block-separator has-alpha-channel-opacity\"\/>\n\n\n\n<h2 class=\"wp-block-heading\">9 straipsnis - Verslininko \u012fsipareigojimai pasitraukimo atveju<\/h2>\n\n\n\n<p>Pasitraukus:<\/p>\n\n\n\n<ul class=\"wp-block-list\">\n<li>Verslininkas patvirtina, kad atsi\u0117mim\u0105 gavo (jei jis pateiktas elektroniniu b\u016bdu).<\/li>\n\n\n\n<li>Gr\u0105\u017einti visus mok\u0117jimus (i\u0161skyrus bet kokius papildomus pristatymo mokes\u010dius) per 14 dien\u0173 nuo gr\u0105\u017einimo gavimo arba gr\u0105\u017einimo \u012frodymo pateikimo.<\/li>\n<\/ul>\n\n\n\n<p>Pinigai gr\u0105\u017einami tuo pa\u010diu mok\u0117jimo b\u016bdu, nebent susitarta kitaip.<\/p>\n\n\n\n<hr class=\"wp-block-separator has-alpha-channel-opacity\"\/>\n\n\n\n<h2 class=\"wp-block-heading\">10 straipsnis - Kainos<\/h2>\n\n\n\n<ul class=\"wp-block-list\">\n<li>Kainos galioja pasi\u016blyme nurodyt\u0105 laikotarp\u012f.<\/li>\n\n\n\n<li>Kainos nurodomos su PVM, i\u0161skyrus atvejus, kai Vartotojas yra u\u017e ES rib\u0173 - tokiu atveju PVM gali b\u016bti netaikomas, atsi\u017evelgiant \u012f pristatymo viet\u0105.<\/li>\n\n\n\n<li>Kainos gali b\u016bti kei\u010diamos tik d\u0117l mokes\u010di\u0173 ir (arba) teisini\u0173 pakeitim\u0173 arba sutartos kintamos kainos.<\/li>\n<\/ul>\n\n\n\n<hr class=\"wp-block-separator has-alpha-channel-opacity\"\/>\n\n\n\n<h2 class=\"wp-block-heading\">11 straipsnis - Atitiktis ir papildomos garantijos<\/h2>\n\n\n\n<p>Produktai turi atitikti sutart\u012f, produkt\u0173 apra\u0161ymus ir teisinius reglamentus.<\/p>\n\n\n\n<p>Papildoma garantija (vir\u0161ijanti \u012fstatymuose numatytas teises) neapriboja \u012fstatymuose numatyt\u0173 garantij\u0173. Ji apima bet kokius savanori\u0161kus verslininko ar gamintojo pa\u017eadus.<\/p>\n\n\n\n<p><strong>Pastaba<\/strong>:<\/p>\n\n\n\n<ul class=\"wp-block-list\">\n<li>D\u0117l naudojam\u0173 nat\u016brali\u0173 med\u017eiag\u0173 \u017eem\u0117lapio faneros sluoksniai gali pasislinkti iki 1 mm.<\/li>\n\n\n\n<li>D\u0117l pjovimo lazeriu gali atsirasti medienos i\u0161linkim\u0173 ir lengvas deg\u0117si\u0173 kvapas.<\/li>\n\n\n\n<li>\u017dem\u0117lapio kra\u0161tuose esantys suod\u017eiai yra normalus rei\u0161kinys ir neturi \u012ftakos kokybei.<\/li>\n<\/ul>\n\n\n\n<hr class=\"wp-block-separator has-alpha-channel-opacity\"\/>\n\n\n\n<h2 class=\"wp-block-heading\">12 straipsnis - Pristatymas ir vykdymas<\/h2>\n\n\n\n<p>Verslininkas r\u016bpinasi u\u017esakym\u0173 apdorojimu ir pristatymu.<\/p>\n\n\n\n<p>Jei nesusitarta kitaip, prek\u0117s pristatomos per 30 dien\u0173. V\u0117luojantys arba nepilnai atlikti u\u017esakymai suteikia vartotojui teis\u0119 nemokamai nutraukti sutart\u012f.<\/p>\n\n\n\n<p>\u017dalos ar praradimo rizika pereina vartotojui nuo pristatymo momento, nebent susitarta kitaip.<\/p>\n\n\n\n<p>Nenugalimos j\u0117gos aplinkyb\u0117s atleid\u017eia abi \u0161alis nuo sutartin\u0117s atsakomyb\u0117s.<\/p>\n\n\n\n<hr class=\"wp-block-separator has-alpha-channel-opacity\"\/>\n\n\n\n<h2 class=\"wp-block-heading\">13 straipsnis - Skund\u0173 nagrin\u0117jimo proced\u016bra<\/h2>\n\n\n\n<p>Skundai turi b\u016bti pateikiami ai\u0161kiai ir nedelsiant po to, kai nustatomi defektai.<\/p>\n\n\n\n<p>Verslininkas:<\/p>\n\n\n\n<ul class=\"wp-block-list\">\n<li>Patvirtinkite skundus per 14 dien\u0173.<\/li>\n\n\n\n<li>Jei reikia daugiau laiko, nurodykite numatom\u0105 sprendimo termin\u0105.<\/li>\n<\/ul>\n\n\n\n<hr class=\"wp-block-separator has-alpha-channel-opacity\"\/>\n\n\n\n<h2 class=\"wp-block-heading\">1 priedas - Atsisakymo forma<\/h2>\n\n\n\n<p>[\u012eterpkite atsisiun\u010diamos standartin\u0117s ES pasitraukimo formos nuorod\u0105 arba fail\u0105]<\/p>\n\n\n\n<hr class=\"wp-block-separator has-alpha-channel-opacity\"\/>\n\n\n\n<h2 class=\"wp-block-heading\">14 straipsnis - Nuotrauk\u0173 ir laiko juost\u0173 konkurso taisykl\u0117s ir s\u0105lygos<\/h2>\n\n\n\n<ul class=\"wp-block-list\">\n<li>Organizatorius: <strong>J\u016bs\u0173 medinis \u017eem\u0117lapis<\/strong><\/li>\n\n\n\n<li>J\u016bs\u0173 medinio \u017eem\u0117lapio darbuotojai ar filialai negali dalyvauti.<\/li>\n\n\n\n<li>Norint patekti \u012f konkurs\u0105, reikia \u012fsigyti galiojant\u012f produkt\u0105 \"J\u016bs\u0173 medinis \u017eem\u0117lapis\".<\/li>\n\n\n\n<li>\u012era\u0161ai turi b\u016bti pateikti per \"WhatsApp\": +37060991045<\/li>\n\n\n\n<li>Galutinis terminas: 2022 m. sausio 31 d.<\/li>\n\n\n\n<li>\u012era\u0161ai turi apimti \u012frengin\u012f <strong>nuotrauka<\/strong> arba <strong>Laiko interval\u0173 vaizdo \u012fra\u0161as<\/strong>.<\/li>\n\n\n\n<li>Nugal\u0117tojai bus i\u0161rinkti atsi\u017evelgiant \u012f k\u016brybi\u0161kum\u0105 ir kokyb\u0119.<\/li>\n\n\n\n<li>Laim\u0117tojai bus informuoti per 28 dienas nuo konkurso pabaigos.<\/li>\n\n\n\n<li>Jei prizas neatsiimamas, jis gali b\u016bti skiriamas i\u0161 naujo.<\/li>\n\n\n\n<li>Prizai neperduodami.<\/li>\n\n\n\n<li>Autori\u0173 teis\u0117s priklauso dalyviams, ta\u010diau \"Your Wooden Map\" pasilieka teis\u0119 naudoti pateiktus darbus reklamos tikslais.<\/li>\n<\/ul>\n\n\n\n<p><strong>Teisin\u0117 jurisdikcija<\/strong>: Taikoma Lietuvos teis\u0117. Gin\u010dai sprend\u017eiami Lietuvos Respublikos teismuose.<\/p>","protected":false},"excerpt":{"rendered":"<p>Contents Article 1 \u2013 Definitions In these Terms and Conditions, the following terms shall have the following meanings: Article 2<\/p>","protected":false},"author":1,"featured_media":16,"parent":0,"menu_order":0,"comment_status":"closed","ping_status":"closed","template":"","meta":{"_seopress_robots_primary_cat":"","_seopress_titles_title":"%%post_title%% %%sep%% %%sitetitle%%","_seopress_titles_desc":"Terms of Service - Your Wooden Map","_seopress_robots_index":"yes","footnotes":""},"class_list":["post-29058","page","type-page","status-publish","has-post-thumbnail","hentry"],"_links":{"self":[{"href":"https:\/\/thewoodcrafts.com\/lt\/wp-json\/wp\/v2\/pages\/29058","targetHints":{"allow":["GET"]}}],"collection":[{"href":"https:\/\/thewoodcrafts.com\/lt\/wp-json\/wp\/v2\/pages"}],"about":[{"href":"https:\/\/thewoodcrafts.com\/lt\/wp-json\/wp\/v2\/types\/page"}],"author":[{"embeddable":true,"href":"https:\/\/thewoodcrafts.com\/lt\/wp-json\/wp\/v2\/users\/1"}],"replies":[{"embeddable":true,"href":"https:\/\/thewoodcrafts.com\/lt\/wp-json\/wp\/v2\/comments?post=29058"}],"version-history":[{"count":0,"href":"https:\/\/thewoodcrafts.com\/lt\/wp-json\/wp\/v2\/pages\/29058\/revisions"}],"wp:featuredmedia":[{"embeddable":true,"href":"https:\/\/thewoodcrafts.com\/lt\/wp-json\/wp\/v2\/media\/16"}],"wp:attachment":[{"href":"https:\/\/thewoodcrafts.com\/lt\/wp-json\/wp\/v2\/media?parent=29058"}],"curies":[{"name":"wp","href":"https:\/\/api.w.org\/{rel}","templated":true}]}}