{"id":29182,"date":"2025-07-21T17:34:19","date_gmt":"2025-07-21T14:34:19","guid":{"rendered":"https:\/\/thewoodcrafts.com\/?post_type=product&#038;p=29182"},"modified":"2025-09-17T19:25:23","modified_gmt":"2025-09-17T16:25:23","slug":"3d-wooden-map","status":"publish","type":"product","link":"https:\/\/thewoodcrafts.com\/lt\/produktas\/3d-wooden-map\/","title":{"rendered":"3D medinis \u017eem\u0117lapis"},"content":{"rendered":"<div data-elementor-type=\"wp-post\" data-elementor-id=\"29182\" class=\"elementor elementor-29182\">\n\t\t\t\t<div class=\"elementor-element elementor-element-e677145 wd-section-stretch e-flex e-con-boxed e-con e-parent\" data-id=\"e677145\" data-element_type=\"container\" data-settings=\"{&quot;background_background&quot;:&quot;classic&quot;}\">\n\t\t\t\t\t<div class=\"e-con-inner\">\n\t\t\t\t<div class=\"elementor-element elementor-element-2b4d034 wd-width-100 elementor-widget elementor-widget-wd_title\" data-id=\"2b4d034\" data-element_type=\"widget\" data-widget_type=\"wd_title.default\">\n\t\t\t\t<div class=\"elementor-widget-container\">\n\t\t\t\t\t\t\t<div class=\"title-wrapper wd-set-mb reset-last-child wd-title-color-default wd-title-style-default wd-title-size-default text-center\">\n\n\t\t\t\n\t\t\t<div class=\"liner-continer\">\n\t\t\t\t<h4 class=\"woodmart-title-container title wd-fontsize-l\">3D medinis pasaulio \u017eem\u0117lapis - daugiasluoksnis sien\u0173 menas moderniam interjerui<\/h4> \n\t\t\t\t\t\t\t<\/div>\n\n\t\t\t\t\t\t\t<div class=\"title-after_title reset-last-child wd-fontsize-xs\">\n\t\t\t\t\t<p>Suteikite savo erdvei gylio, tekst\u016bros ir pasaulinio lygio stiliaus, naudodami \u0161\u012f auk\u0161\u010diausios kokyb\u0117s <strong>3D medinis pasaulio \u017eem\u0117lapis<\/strong>. Su <strong>daugiasluoksn\u0117s medin\u0117s detal\u0117s<\/strong> kontrasting\u0173 atspalvi\u0173, kiekviena \u0161alis yra unikaliai paauk\u0161tinta, kad sukurt\u0173 dr\u0105s\u0173, ap\u010diuopiam\u0105 efekt\u0105. Tai ne tik \u017eem\u0117lapis - tai pokalbius skatinantis centrinis elementas, kuris bet kuri\u0105 sien\u0105 paver\u010dia kelioni\u0173 ir dizaino \u0161vente.<\/p>\t\t\t\t<\/div>\n\t\t\t\t\t<\/div>\n\t\t\t\t\t\t<\/div>\n\t\t\t\t<\/div>\n\t\t\t\t\t<\/div>\n\t\t\t\t<\/div>\n\t\t<div class=\"wd-negative-gap elementor-element elementor-element-fd382f5 e-flex e-con-boxed e-con e-parent\" data-id=\"fd382f5\" data-element_type=\"container\">\n\t\t\t\t\t<div class=\"e-con-inner\">\n\t\t<div class=\"elementor-element elementor-element-88e7dc1 e-con-full e-flex e-con e-child\" data-id=\"88e7dc1\" data-element_type=\"container\">\n\t\t<div class=\"elementor-element elementor-element-0211a4e e-con-full e-flex e-con e-child\" data-id=\"0211a4e\" data-element_type=\"container\">\n\t\t\t\t<div class=\"elementor-element elementor-element-0157b51 elementor-widget elementor-widget-image\" data-id=\"0157b51\" data-element_type=\"widget\" data-widget_type=\"image.default\">\n\t\t\t\t\t\t\t\t\t\t\t\t\t\t\t<img alt=\"\" fetchpriority=\"high\" decoding=\"async\" width=\"970\" height=\"800\" src=\"https:\/\/thewoodcrafts.com\/wp-content\/uploads\/2025\/08\/Size-guide-Country-map-2000-x-1650-px-1-970x800.jpg\" class=\"attachment-large size-large wp-image-30963\" srcset=\"https:\/\/thewoodcrafts.com\/wp-content\/uploads\/2025\/08\/Size-guide-Country-map-2000-x-1650-px-1-970x800.jpg 970w, https:\/\/thewoodcrafts.com\/wp-content\/uploads\/2025\/08\/Size-guide-Country-map-2000-x-1650-px-1-364x300.jpg 364w, https:\/\/thewoodcrafts.com\/wp-content\/uploads\/2025\/08\/Size-guide-Country-map-2000-x-1650-px-1-768x634.jpg 768w, https:\/\/thewoodcrafts.com\/wp-content\/uploads\/2025\/08\/Size-guide-Country-map-2000-x-1650-px-1-1536x1267.jpg 1536w, https:\/\/thewoodcrafts.com\/wp-content\/uploads\/2025\/08\/Size-guide-Country-map-2000-x-1650-px-1-15x12.jpg 15w, https:\/\/thewoodcrafts.com\/wp-content\/uploads\/2025\/08\/Size-guide-Country-map-2000-x-1650-px-1-430x355.jpg 430w, https:\/\/thewoodcrafts.com\/wp-content\/uploads\/2025\/08\/Size-guide-Country-map-2000-x-1650-px-1-700x578.jpg 700w, https:\/\/thewoodcrafts.com\/wp-content\/uploads\/2025\/08\/Size-guide-Country-map-2000-x-1650-px-1-150x124.jpg 150w, https:\/\/thewoodcrafts.com\/wp-content\/uploads\/2025\/08\/Size-guide-Country-map-2000-x-1650-px-1.jpg 1920w\" sizes=\"(max-width: 970px) 100vw, 970px\" \/>\t\t\t\t\t\t\t\t\t\t\t\t\t\t\t<\/div>\n\t\t\t\t<\/div>\n\t\t<div class=\"elementor-element elementor-element-f674d5e e-con-full e-flex e-con e-child\" data-id=\"f674d5e\" data-element_type=\"container\">\n\t\t\t\t<div class=\"elementor-element elementor-element-b461988 wd-width-100 elementor-widget elementor-widget-wd_title\" data-id=\"b461988\" data-element_type=\"widget\" data-widget_type=\"wd_title.default\">\n\t\t\t\t<div class=\"elementor-widget-container\">\n\t\t\t\t\t\t\t<div class=\"title-wrapper wd-set-mb reset-last-child wd-title-color-default wd-title-style-default wd-title-size-default text-center\">\n\n\t\t\t\n\t\t\t<div class=\"liner-continer\">\n\t\t\t\t<h4 class=\"woodmart-title-container title wd-fontsize-l\">Kod\u0117l jums patiks<\/h4> \n\t\t\t\t\t\t\t<\/div>\n\n\t\t\t\t\t\t\t<div class=\"title-after_title reset-last-child wd-fontsize-xs\">\n\t\t\t\t\t<p>Vizualiai \u012fsp\u016bdingas <strong>3D efektas<\/strong> - kiekvienas regionas i\u0161siskiria savo forma ir spalva.<\/p><p><strong>Menas susitinka su geografija<\/strong> - sujungti \u0161vietim\u0105, dekor\u0105 ir pasakojim\u0105.<\/p><p>Idealiai tinka <strong>kelioni\u0173 m\u0117g\u0117jai<\/strong>, dizaino entuziastai arba \u0161iuolaikiniai minimalistai.<\/p><p>Dr\u0105sus bet kokio interjero atnaujinimas - nuo svetain\u0117s iki biuro sien\u0173<\/p><p>Galima \u012fsigyti <strong>kelios spalv\u0173 palet\u0117s<\/strong> kad puikiai der\u0117t\u0173 prie j\u016bs\u0173 erdv\u0117s<\/p>\t\t\t\t<\/div>\n\t\t\t\t\t<\/div>\n\t\t\t\t\t\t<\/div>\n\t\t\t\t<\/div>\n\t\t\t\t<\/div>\n\t\t\t\t<\/div>\n\t\t\t\t\t<\/div>\n\t\t\t\t<\/div>\n\t\t<div class=\"wd-negative-gap elementor-element elementor-element-45db368 e-flex e-con-boxed e-con e-parent\" data-id=\"45db368\" data-element_type=\"container\">\n\t\t\t\t\t<div class=\"e-con-inner\">\n\t\t<div class=\"elementor-element elementor-element-946ba2c e-con-full e-flex e-con e-child\" data-id=\"946ba2c\" data-element_type=\"container\">\n\t\t<div class=\"elementor-element elementor-element-5aede51 e-con-full e-flex e-con e-child\" data-id=\"5aede51\" data-element_type=\"container\">\n\t\t\t\t<div class=\"elementor-element elementor-element-a85dc0c elementor-widget elementor-widget-image\" data-id=\"a85dc0c\" data-element_type=\"widget\" data-widget_type=\"image.default\">\n\t\t\t\t\t\t\t\t\t\t\t\t\t\t\t<img alt=\"\" decoding=\"async\" width=\"800\" height=\"800\" src=\"https:\/\/thewoodcrafts.com\/wp-content\/uploads\/2025\/07\/Map-styles-2000-x-2000-px-800x800.jpg\" class=\"attachment-large size-large wp-image-29132\" srcset=\"https:\/\/thewoodcrafts.com\/wp-content\/uploads\/2025\/07\/Map-styles-2000-x-2000-px-800x800.jpg 800w, https:\/\/thewoodcrafts.com\/wp-content\/uploads\/2025\/07\/Map-styles-2000-x-2000-px-300x300.jpg 300w, https:\/\/thewoodcrafts.com\/wp-content\/uploads\/2025\/07\/Map-styles-2000-x-2000-px-150x150.jpg 150w, https:\/\/thewoodcrafts.com\/wp-content\/uploads\/2025\/07\/Map-styles-2000-x-2000-px-768x768.jpg 768w, https:\/\/thewoodcrafts.com\/wp-content\/uploads\/2025\/07\/Map-styles-2000-x-2000-px-1536x1536.jpg 1536w, https:\/\/thewoodcrafts.com\/wp-content\/uploads\/2025\/07\/Map-styles-2000-x-2000-px-650x650.jpg 650w, https:\/\/thewoodcrafts.com\/wp-content\/uploads\/2025\/07\/Map-styles-2000-x-2000-px-1300x1300.jpg 1300w, https:\/\/thewoodcrafts.com\/wp-content\/uploads\/2025\/07\/Map-styles-2000-x-2000-px-430x430.jpg 430w, https:\/\/thewoodcrafts.com\/wp-content\/uploads\/2025\/07\/Map-styles-2000-x-2000-px-700x700.jpg 700w, https:\/\/thewoodcrafts.com\/wp-content\/uploads\/2025\/07\/Map-styles-2000-x-2000-px.jpg 1920w\" sizes=\"(max-width: 800px) 100vw, 800px\" \/>\t\t\t\t\t\t\t\t\t\t\t\t\t\t\t<\/div>\n\t\t\t\t<\/div>\n\t\t<div class=\"elementor-element elementor-element-7a44f71 e-con-full e-flex e-con e-child\" data-id=\"7a44f71\" data-element_type=\"container\">\n\t\t\t\t<div class=\"elementor-element elementor-element-f78ab84 wd-width-100 elementor-widget elementor-widget-wd_title\" data-id=\"f78ab84\" data-element_type=\"widget\" data-widget_type=\"wd_title.default\">\n\t\t\t\t<div class=\"elementor-widget-container\">\n\t\t\t\t\t\t\t<div class=\"title-wrapper wd-set-mb reset-last-child wd-title-color-default wd-title-style-default wd-title-size-default text-center\">\n\n\t\t\t\n\t\t\t<div class=\"liner-continer\">\n\t\t\t\t<h4 class=\"woodmart-title-container title wd-fontsize-l\">Idealiai tinka:<\/h4> \n\t\t\t\t\t\t\t<\/div>\n\n\t\t\t\t\t\t\t<div class=\"title-after_title reset-last-child wd-fontsize-xs\">\n\t\t\t\t\t<p>Svetain\u0117s, koridoriai, biurai, kavin\u0117s, vie\u0161bu\u010diai<\/p><p>Unikali ir apgalvota dovana keliautojams, k\u016br\u0117jams ar \u017eem\u0117lapi\u0173 m\u0117g\u0117jams<\/p><p>Nam\u0173 \u0161ildymo, jubiliejaus, studij\u0173 baigimo ar i\u0161\u0117jimo \u012f pensij\u0105 dovanos<\/p><p>\u012emoni\u0173 vestibiuliai arba komand\u0173 poilsio kambariai<\/p>\t\t\t\t<\/div>\n\t\t\t\t\t<\/div>\n\t\t\t\t\t\t<\/div>\n\t\t\t\t<\/div>\n\t\t\t\t<\/div>\n\t\t\t\t<\/div>\n\t\t\t\t\t<\/div>\n\t\t\t\t<\/div>\n\t\t\t\t<\/div>","protected":false},"excerpt":{"rendered":"<h2 data-start=\"2358\" data-end=\"2398\">Meno k\u016brinys. Langas \u012f pasaul\u012f.<\/h2>\n<p data-start=\"2400\" data-end=\"2545\">Rankomis surinktas i\u0161 precizi\u0161kai i\u0161pjaut\u0173 medini\u0173 sluoksni\u0173, \u0161is 3D pasaulio \u017eem\u0117lapis yra daugiau nei dekoras - tai kasdienis priminimas, kad pasaul\u012f galite tyrin\u0117ti j\u016bs.<\/p>","protected":false},"featured_media":29195,"comment_status":"open","ping_status":"closed","template":"","meta":{"_seopress_robots_primary_cat":"none","_seopress_titles_title":"3D Wooden World Map: Elevate Your Walls with Stunning Depth","_seopress_titles_desc":"Discover the beauty of our handcrafted 3D wooden world map. Add depth & texture to your walls. Shop now!","_seopress_robots_index":""},"product_brand":[],"product_cat":[85,96],"product_tag":[],"class_list":{"0":"post-29182","1":"product","2":"type-product","3":"status-publish","4":"has-post-thumbnail","6":"product_cat-3d-wooden-maps","7":"product_cat-wooden-maps","9":"first","10":"instock","11":"sale","12":"shipping-taxable","13":"purchasable","14":"product-type-variable","15":"has-default-attributes"},"_links":{"self":[{"href":"https:\/\/thewoodcrafts.com\/lt\/wp-json\/wp\/v2\/product\/29182","targetHints":{"allow":["GET"]}}],"collection":[{"href":"https:\/\/thewoodcrafts.com\/lt\/wp-json\/wp\/v2\/product"}],"about":[{"href":"https:\/\/thewoodcrafts.com\/lt\/wp-json\/wp\/v2\/types\/product"}],"replies":[{"embeddable":true,"href":"https:\/\/thewoodcrafts.com\/lt\/wp-json\/wp\/v2\/comments?post=29182"}],"version-history":[{"count":0,"href":"https:\/\/thewoodcrafts.com\/lt\/wp-json\/wp\/v2\/product\/29182\/revisions"}],"wp:featuredmedia":[{"embeddable":true,"href":"https:\/\/thewoodcrafts.com\/lt\/wp-json\/wp\/v2\/media\/29195"}],"wp:attachment":[{"href":"https:\/\/thewoodcrafts.com\/lt\/wp-json\/wp\/v2\/media?parent=29182"}],"wp:term":[{"taxonomy":"product_brand","embeddable":true,"href":"https:\/\/thewoodcrafts.com\/lt\/wp-json\/wp\/v2\/product_brand?post=29182"},{"taxonomy":"product_cat","embeddable":true,"href":"https:\/\/thewoodcrafts.com\/lt\/wp-json\/wp\/v2\/product_cat?post=29182"},{"taxonomy":"product_tag","embeddable":true,"href":"https:\/\/thewoodcrafts.com\/lt\/wp-json\/wp\/v2\/product_tag?post=29182"}],"curies":[{"name":"wp","href":"https:\/\/api.w.org\/{rel}","templated":true}]}}