{"id":10,"date":"2025-07-21T11:37:34","date_gmt":"2025-07-21T08:37:34","guid":{"rendered":"https:\/\/thewoodcrafts.com\/?page_id=10"},"modified":"2025-07-21T11:41:10","modified_gmt":"2025-07-21T08:41:10","slug":"shipping-and-returns","status":"publish","type":"page","link":"https:\/\/thewoodcrafts.com\/lv\/shipping-and-returns\/","title":{"rendered":"Pieg\u0101de un atgrie\u0161ana"},"content":{"rendered":"<h2 class=\"wp-block-heading\">Inform\u0101cija par pieg\u0101di<\/h2>\n\n\n\n<p>M\u0113s pieg\u0101d\u0101jam uz liel\u0101ko da\u013cu pasaules valstu.<\/p>\n\n\n\n<ul class=\"wp-block-list\">\n<li><strong>Lietuva<\/strong>: 2-4 darba dienas<\/li>\n\n\n\n<li><strong>Eiropas Savien\u012bba<\/strong>: 4-10 darba dienas<\/li>\n\n\n\n<li><strong>Starptautisk\u0101 pieg\u0101de<\/strong>: no 7 darba dien\u0101m (atkar\u012bb\u0101 no galam\u0113r\u0137a)<\/li>\n<\/ul>\n\n\n\n<h3 class=\"wp-block-heading\">Muita un nodevas<\/h3>\n\n\n\n<ul class=\"wp-block-list\">\n<li><strong>ES valstis<\/strong> (iz\u0146emot Kipru, Maltu, Norv\u0113\u0123iju un \u0160veici): J\u016bsu pas\u016bt\u012bjums tiek pieg\u0101d\u0101ts no ES.<\/li>\n\n\n\n<li><strong>Valstis, kas nav ES dal\u012bbvalstis<\/strong>: Var tikt piem\u0113roti muitas un importa nodok\u013ci. \u0160ie maks\u0101jumi da\u017e\u0101d\u0101s valst\u012bs at\u0161\u0137iras, un par to maks\u0101 pirc\u0113js. M\u0113s neesam atbild\u012bgi par jebk\u0101diem papildu muitas maks\u0101jumiem.<\/li>\n<\/ul>\n\n\n\n<hr class=\"wp-block-separator has-alpha-channel-opacity\"\/>\n\n\n\n<h2 class=\"wp-block-heading\">Atgrie\u0161anas un atmaksas politika<\/h2>\n\n\n\n<p>M\u0113s v\u0113lamies, lai pirkums jums patiktu, ta\u010du, ja neesat piln\u012bb\u0101 apmierin\u0101ts, varat atgriezt preci saska\u0146\u0101 ar turpm\u0101k izkl\u0101st\u012btajiem nosac\u012bjumiem.<\/p>\n\n\n\n<h3 class=\"wp-block-heading\">Atgrie\u0161anas noteikumi<\/h3>\n\n\n\n<p>Atgrie\u0161ana tiek veikta saska\u0146\u0101 ar <strong>Lietuvas Republikas ekonomikas ministra 2001. gada 29. j\u016bnija r\u012bkojums Nr. 217 \"Par pre\u010du atpaka\u013cnos\u016bt\u012b\u0161anas un apmai\u0146as noteikumu apstiprin\u0101\u0161anu\".<\/strong>, k\u0101 ar\u012b <strong>ES pat\u0113r\u0113t\u0101ju ties\u012bbu akti<\/strong>.<\/p>\n\n\n\n<p>J\u016bs varat atgriezt vai apmain\u012bt preces <strong>14 dienas<\/strong> no pieg\u0101des dienas, ja:<\/p>\n\n\n\n<ul class=\"wp-block-list\">\n<li>Prece ir <strong>neizmantots<\/strong>, <strong>nesaboj\u0101ts<\/strong>, un <strong>t\u0101l\u0101kp\u0101rdo\u0161anai der\u012bgs st\u0101voklis<\/strong>.<\/li>\n\n\n\n<li>Prece tiek atgriezta sav\u0101 <strong>ori\u0123in\u0101lais iepakojums<\/strong>ar visiem <strong>eti\u0137etes<\/strong>, <strong>uzl\u012bmes<\/strong>, un <strong>aizsargpl\u0113ves<\/strong> neskarts.<\/li>\n\n\n\n<li>Prece ir <strong>pilns<\/strong>, ar vis\u0101m deta\u013c\u0101m un piederumiem, k\u0101 sa\u0146emts.<\/li>\n\n\n\n<li>J\u016bs sniedzat <strong>pirkuma kv\u012bts vai r\u0113\u0137ins.<\/strong>.<\/li>\n<\/ul>\n\n\n\n<p>Ja atgriezt\u0101 prece neatbilst \u0161iem nosac\u012bjumiem (piem\u0113ram, tai ir lieto\u0161anas paz\u012bmes, t\u0101 ir boj\u0101ta, nepiln\u012bga vai nepareizi iepakota), m\u0113s paturam ties\u012bbas. <strong>atteikt atgrie\u0161anu vai atmaks\u0101\u0161anu.<\/strong>.<\/p>\n\n\n\n<hr class=\"wp-block-separator has-alpha-channel-opacity\"\/>\n\n\n\n<h2 class=\"wp-block-heading\">Atgrie\u0161anas process<\/h2>\n\n\n\n<ol class=\"wp-block-list\">\n<li>Pazi\u0146ojiet mums pa e-pastu <strong><a>info@yourwoodenmap.com<\/a><\/strong> 14 dienu laik\u0101 p\u0113c preces sa\u0146em\u0161anas.<\/li>\n\n\n\n<li>Atgrieziet preci uz:<br><strong>U\u017eugriovio g. 5, U\u017eugriovis, LT-14256 Vilniaus r., Lietuva<\/strong><\/li>\n\n\n\n<li>Izmantojiet jebkuru pasta vai kurjerpasta pakalpojumu p\u0113c savas izv\u0113les (iesak\u0101m izsekot s\u016bt\u012bjumu).<\/li>\n\n\n\n<li>Ietveriet <strong>r\u0113\u0137ina vai pas\u016bt\u012bjuma apstiprin\u0101juma kopiju.<\/strong> iepakojum\u0101.<\/li>\n<\/ol>\n\n\n\n<h3 class=\"wp-block-heading\">Atgrie\u0161anas pieg\u0101des izmaksas<\/h3>\n\n\n\n<ul class=\"wp-block-list\">\n<li><strong>Neboj\u0101t\u0101m (kvalitat\u012bv\u0101m) prec\u0113m<\/strong>: Atpaka\u013cnos\u016bt\u012b\u0161anu apmaks\u0101 klients.<\/li>\n\n\n\n<li><strong>Par boj\u0101tiem vai nepareiziem izstr\u0101d\u0101jumiem<\/strong>: Atgrie\u0161anas ku\u0123niec\u012bbas izmaksas sedz m\u0113s. L\u016bdzu, pievienojiet <strong>kv\u012bts par atpaka\u013cnos\u016bt\u012b\u0161anas izmaks\u0101m.<\/strong>.<\/li>\n<\/ul>\n\n\n\n<hr class=\"wp-block-separator has-alpha-channel-opacity\"\/>\n\n\n\n<h2 class=\"wp-block-heading\">Atmaksas nosac\u012bjumi<\/h2>\n\n\n\n<p>Tikl\u012bdz m\u0113s sa\u0146emsim un p\u0101rbaud\u012bsim atgriezto preci, m\u0113s jums atmaks\u0101sim naudu:<\/p>\n\n\n\n<ul class=\"wp-block-list\">\n<li>Kompens\u0101cijas tiek izmaks\u0101tas <strong>s\u0101kotn\u0113j\u0101 maks\u0101juma metode<\/strong>, ja vien nav pan\u0101kta cita vieno\u0161an\u0101s.<\/li>\n\n\n\n<li>Kompens\u0101cijas tiek apstr\u0101d\u0101tas <strong>14 kalend\u0101r\u0101s dienas<\/strong> p\u0113c atgriezt\u0101s preces sa\u0146em\u0161anas.<\/li>\n\n\n\n<li>Ja atgrie\u017eat kvalitat\u012bvu preci, tikai <strong>produkta cena<\/strong> tiks atmaks\u0101ta (iz\u0146emot pieg\u0101di).<\/li>\n\n\n\n<li>Ja atgrie\u017eat boj\u0101tu preci, m\u0113s atmaks\u0101sim naudu par <strong>pilna summa<\/strong>, ieskaitot pieg\u0101des un atgrie\u0161anas izmaksas (p\u0113c sa\u0146em\u0161anas).<\/li>\n\n\n\n<li>Ja izv\u0113laties <strong>apmain\u012bt boj\u0101tu preci<\/strong>, m\u0113s segsim gan atgrie\u0161anas, gan rezerves s\u016bt\u012bjuma izmaksas.<\/li>\n<\/ul>\n\n\n\n<hr class=\"wp-block-separator has-alpha-channel-opacity\"\/>\n\n\n\n<h2 class=\"wp-block-heading\">30 dienu naudas atmaksas garantija<\/h2>\n\n\n\n<p>M\u0113s pied\u0101v\u0101jam <strong>30 dienu apmierin\u0101t\u012bbas garantija<\/strong> par neizmantot\u0101m prec\u0113m. Ja k\u0101da iemesla d\u0113\u013c neesat apmierin\u0101ts, varat atgriezt preci. <strong>30 dienu laik\u0101<\/strong> ieg\u0101des br\u012bd\u012b.<br>L\u016bdzu, \u0146emiet v\u0113r\u0101: naudas atmaksas garantija attiecas tikai uz <strong>neizmantoti produkti<\/strong>.<\/p>\n\n\n\n<hr class=\"wp-block-separator has-alpha-channel-opacity\"\/>\n\n\n\n<h2 class=\"wp-block-heading\">S\u016bdz\u012bbas<\/h2>\n\n\n\n<p>Ja rodas probl\u0113mas ar pas\u016bt\u012bjumu vai produktu, nekav\u0113joties sazinieties ar mums:<\/p>\n\n\n\n<ul class=\"wp-block-list\">\n<li>\ud83d\udce7 <strong>E-pasts<\/strong>: <a>info@yourwoodenmap.com<\/a><\/li>\n\n\n\n<li>\ud83d\udcde <strong>T\u0101lrunis<\/strong>: +370 609 609 91045 (pirmdien\u0101s-sat, 7:30-16:30 GMT+2)<\/li>\n<\/ul>\n\n\n\n<p><\/p>","protected":false},"excerpt":{"rendered":"<p>Shipping Information We deliver to most countries worldwide. Customs and Duties Return and Refund Policy We want you to love<\/p>","protected":false},"author":1,"featured_media":16,"parent":0,"menu_order":0,"comment_status":"closed","ping_status":"closed","template":"","meta":{"_seopress_robots_primary_cat":"","_seopress_titles_title":"%%post_title%% %%sep%% %%sitetitle%%","_seopress_titles_desc":"Shipping and Returns - Your Wooden Map","_seopress_robots_index":"yes","footnotes":""},"class_list":["post-10","page","type-page","status-publish","has-post-thumbnail","hentry"],"_links":{"self":[{"href":"https:\/\/thewoodcrafts.com\/lv\/wp-json\/wp\/v2\/pages\/10","targetHints":{"allow":["GET"]}}],"collection":[{"href":"https:\/\/thewoodcrafts.com\/lv\/wp-json\/wp\/v2\/pages"}],"about":[{"href":"https:\/\/thewoodcrafts.com\/lv\/wp-json\/wp\/v2\/types\/page"}],"author":[{"embeddable":true,"href":"https:\/\/thewoodcrafts.com\/lv\/wp-json\/wp\/v2\/users\/1"}],"replies":[{"embeddable":true,"href":"https:\/\/thewoodcrafts.com\/lv\/wp-json\/wp\/v2\/comments?post=10"}],"version-history":[{"count":0,"href":"https:\/\/thewoodcrafts.com\/lv\/wp-json\/wp\/v2\/pages\/10\/revisions"}],"wp:featuredmedia":[{"embeddable":true,"href":"https:\/\/thewoodcrafts.com\/lv\/wp-json\/wp\/v2\/media\/16"}],"wp:attachment":[{"href":"https:\/\/thewoodcrafts.com\/lv\/wp-json\/wp\/v2\/media?parent=10"}],"curies":[{"name":"wp","href":"https:\/\/api.w.org\/{rel}","templated":true}]}}