{"id":9,"date":"2025-07-08T13:12:48","date_gmt":"2025-07-08T13:12:48","guid":{"rendered":"https:\/\/thewoodcrafts.com\/paskyra\/"},"modified":"2025-07-21T10:55:48","modified_gmt":"2025-07-21T07:55:48","slug":"my-account","status":"publish","type":"page","link":"https:\/\/thewoodcrafts.com\/lv\/my-account\/","title":{"rendered":"Mans konts"},"content":{"rendered":"<div class=\"woocommerce\"><div class=\"woocommerce-notices-wrapper\"><\/div>\n<div class=\"wd-registration-page wd-register-tabs\">\n\n\n<div class=\"wd-grid-f-col\" id=\"customer_login\">\n\n\t<div class=\"wd-col col-login\">\n\n\n\t\t<h2 class=\"wd-login-title\" data-no-translation=\"\" data-trp-gettext=\"\">Pieteik\u0161an\u0101s<\/h2>\n\n\t\t\t\t\t<form id=\"customer_login\" method=\"post\" class=\"login woocommerce-form woocommerce-form-login\" action=\"https:\/\/thewoodcrafts.com\/lv\/my-account\/?action=login\" data-trp-original-action=\"https:\/\/thewoodcrafts.com\/lv\/my-account\/?action=login\" \t\t\t>\n\n\t\t\t\t\n\t\t\t\t\n\t\t\t\t<p class=\"woocommerce-FormRow woocommerce-FormRow--wide form-row form-row-wide form-row-username\">\n\t\t\t\t\t<label for=\"username\">Lietot\u0101jv\u0101rds vai e-pasta adrese&nbsp;<span class=\"required\" aria-hidden=\"true\">*<\/span><span class=\"screen-reader-text\" data-no-translation=\"\" data-trp-gettext=\"\">Nepiecie\u0161ams<\/span><\/label>\n\t\t\t\t\t<input type=\"text\" class=\"woocommerce-Input woocommerce-Input--text input-text\" name=\"username\" id=\"username\" autocomplete=\"username\" value=\"\" \/>\t\t\t\t<\/p>\n\t\t\t\t<p class=\"woocommerce-FormRow woocommerce-FormRow--wide form-row form-row-wide form-row-password\">\n\t\t\t\t\t<label for=\"password\">Password&nbsp;<span class=\"required\" aria-hidden=\"true\">*<\/span><span class=\"screen-reader-text\" data-no-translation=\"\" data-trp-gettext=\"\">Nepiecie\u0161ams<\/span><\/label>\n\t\t\t\t\t<input class=\"woocommerce-Input woocommerce-Input--text input-text\" type=\"password\" name=\"password\" id=\"password\" autocomplete=\"current-password\" \/>\n\t\t\t\t<\/p>\n\n\t\t\t\t\n\t\t\t\t<p class=\"form-row\">\n\t\t\t\t\t<input type=\"hidden\" id=\"woocommerce-login-nonce\" name=\"woocommerce-login-nonce\" value=\"ad58f14675\" \/><input type=\"hidden\" name=\"_wp_http_referer\" value=\"\/lv\/wp-json\/wp\/v2\/pages\/9\" \/>\t\t\t\t\t\t\t\t\t\t<button type=\"submit\" class=\"button woocommerce-button woocommerce-form-login__submit\" name=\"login\" value=\"Log in\">Log in<\/button>\n\t\t\t\t<\/p>\n\n\t\t\t\t<p class=\"login-form-footer\">\n\t\t\t\t\t<a href=\"https:\/\/thewoodcrafts.com\/lv\/my-account\/lost-password\/\" class=\"woocommerce-LostPassword lost_password\">Lost your password?<\/a>\n\t\t\t\t\t<label class=\"woocommerce-form__label woocommerce-form__label-for-checkbox woocommerce-form-login__rememberme\">\n\t\t\t\t\t\t<input class=\"woocommerce-form__input woocommerce-form__input-checkbox\" name=\"rememberme\" type=\"checkbox\" value=\"forever\" title=\"Remember me\" aria-label=\"Remember me\" \/> <span>Remember me<\/span>\n\t\t\t\t\t<\/label>\n\t\t\t\t<\/p>\n\n\t\t\t\t\n\t\t\t\t\t\t\t<input type=\"hidden\" name=\"trp-form-language\" value=\"lv\"\/><\/form>\n\n\t\t\n\n\t<\/div>\n\n\t<div class=\"wd-col col-register\">\n\n\t\t<h2 class=\"wd-login-title\" data-no-translation=\"\" data-trp-gettext=\"\">Re\u0123istr\u0113ties<\/h2>\n\n\t\t<form method=\"post\" action=\"https:\/\/thewoodcrafts.com\/lv\/my-account\/?action=register\" class=\"woocommerce-form woocommerce-form-register register\" data-trp-original-action=\"https:\/\/thewoodcrafts.com\/lv\/my-account\/?action=register\"  >\n\n\t\t\t\n\t\t\t\n\t\t\t<p class=\"woocommerce-form-row woocommerce-form-row--wide form-row form-row-wide\">\n\t\t\t\t<label for=\"reg_email\">E-pasta adrese&nbsp;<span class=\"required\" aria-hidden=\"true\">*<\/span><span class=\"screen-reader-text\" data-no-translation=\"\" data-trp-gettext=\"\">Nepiecie\u0161ams<\/span><\/label>\n\t\t\t\t<input type=\"email\" class=\"woocommerce-Input woocommerce-Input--text input-text\" name=\"email\" id=\"reg_email\" autocomplete=\"email\" value=\"\" \/>\t\t\t<\/p>\n\n\t\t\t\n\t\t\t\t<p data-no-translation=\"\" data-trp-gettext=\"\">Uz j\u016bsu e-pasta adresi tiks nos\u016bt\u012bta saite, lai iestat\u012btu jaunu paroli.<\/p>\n\n\t\t\t\n\t\t\t<div style=\"left: -999em; position: absolute;\"><label for=\"trap\" data-no-translation=\"\" data-trp-gettext=\"\">Anti-spam<\/label><input type=\"text\" name=\"email_2\" id=\"trap\" tabindex=\"-1\" \/><\/div>\n\n\t\t\t<wc-order-attribution-inputs><\/wc-order-attribution-inputs><div class=\"woocommerce-privacy-policy-text\"><p>J\u016bsu personas dati tiks izmantoti, lai atbalst\u012btu j\u016bsu pieredzi \u0161aj\u0101 vietn\u0113, p\u0101rvald\u012btu piek\u013cuvi j\u016bsu kontam un citiem m\u0113r\u0137iem, kas aprakst\u012bti m\u016bsu <a href=\"https:\/\/thewoodcrafts.com\/lv\/privacy-policy\/\" class=\"woocommerce-privacy-policy-link\" target=\"_blank\" data-no-translation=\"\" data-trp-gettext=\"\">priv\u0101tuma politika<\/a>.<\/p>\n<\/div>\n\t\t\t<p class=\"woocommerce-form-row form-row\">\n\t\t\t\t<input type=\"hidden\" id=\"woocommerce-register-nonce\" name=\"woocommerce-register-nonce\" value=\"6441a7d8ca\" \/><input type=\"hidden\" name=\"_wp_http_referer\" value=\"\/lv\/wp-json\/wp\/v2\/pages\/9\" \/>\t\t\t\t<button type=\"submit\" class=\"woocommerce-Button woocommerce-button button\" name=\"register\" value=\"Re\u0123istr\u0113ties\" data-no-translation=\"\" data-trp-gettext=\"\" data-no-translation-value=\"\">Re\u0123istr\u0113ties<\/button>\n\t\t\t<\/p>\n\n\t\t\t\n\t\t<input type=\"hidden\" name=\"trp-form-language\" value=\"lv\"\/><\/form>\n\n\t<\/div>\n\n\t\t\t<div class=\"wd-col col-register-text\">\n\n\t\t\t<p class=\"title wd-login-divider\"><span>Or<\/span><\/p>\n\n\t\t\t\n\t\t\t\t\t\t\t<h2 class=\"wd-login-title\">Re\u0123istr\u0113ties<\/h2>\n\t\t\t\n\t\t\t\n\t\t\t\t\t\t\t<div class=\"registration-info\">Re\u0123istr\u0113joties \u0161aj\u0101 vietn\u0113, varat piek\u013c\u016bt savam pas\u016bt\u012bjumu statusam un v\u0113sturei. Vienk\u0101r\u0161i aizpildiet t\u0101l\u0101k nor\u0101d\u012btos laukus, un m\u0113s \u0101tri vien izveidosim jums jaunu kontu. M\u0113s l\u016bgsim jums tikai to inform\u0101ciju, kas nepiecie\u0161ama, lai padar\u012btu pirkuma procesu \u0101tr\u0101ku un vienk\u0101r\u0161\u0101ku.<\/div>\n\t\t\t\n\t\t\t\n\t\t\t<a href=\"#\" rel=\"nofollow noopener\" class=\"btn wd-switch-to-register\" data-login=\"Pieteik\u0161an\u0101s\" data-login-title=\"Login\" data-reg-title=\"Register\" data-register=\"Re\u0123istr\u0113ties\" data-no-translation=\"\" data-trp-gettext=\"\" data-no-translation-data-login=\"\" data-no-translation-data-register=\"\">Re\u0123istr\u0113ties<\/a>\n\n\t\t<\/div>\n\t\n<\/div>\n\n<\/div>\n\n<\/div>","protected":false},"excerpt":{"rendered":"","protected":false},"author":1,"featured_media":0,"parent":0,"menu_order":0,"comment_status":"closed","ping_status":"closed","template":"","meta":{"_seopress_robots_primary_cat":"","_seopress_titles_title":"","_seopress_titles_desc":"","_seopress_robots_index":"","footnotes":""},"class_list":["post-9","page","type-page","status-publish","hentry"],"_links":{"self":[{"href":"https:\/\/thewoodcrafts.com\/lv\/wp-json\/wp\/v2\/pages\/9","targetHints":{"allow":["GET"]}}],"collection":[{"href":"https:\/\/thewoodcrafts.com\/lv\/wp-json\/wp\/v2\/pages"}],"about":[{"href":"https:\/\/thewoodcrafts.com\/lv\/wp-json\/wp\/v2\/types\/page"}],"author":[{"embeddable":true,"href":"https:\/\/thewoodcrafts.com\/lv\/wp-json\/wp\/v2\/users\/1"}],"replies":[{"embeddable":true,"href":"https:\/\/thewoodcrafts.com\/lv\/wp-json\/wp\/v2\/comments?post=9"}],"version-history":[{"count":0,"href":"https:\/\/thewoodcrafts.com\/lv\/wp-json\/wp\/v2\/pages\/9\/revisions"}],"wp:attachment":[{"href":"https:\/\/thewoodcrafts.com\/lv\/wp-json\/wp\/v2\/media?parent=9"}],"curies":[{"name":"wp","href":"https:\/\/api.w.org\/{rel}","templated":true}]}}