{"id":29091,"date":"2025-07-21T17:33:45","date_gmt":"2025-07-21T14:33:45","guid":{"rendered":"https:\/\/thewoodcrafts.com\/?post_type=product&#038;p=29091"},"modified":"2025-10-04T13:31:56","modified_gmt":"2025-10-04T10:31:56","slug":"wooden-map","status":"publish","type":"product","link":"https:\/\/thewoodcrafts.com\/lv\/products\/wooden-map\/","title":{"rendered":"Koka karte"},"content":{"rendered":"<div data-elementor-type=\"wp-post\" data-elementor-id=\"29091\" class=\"elementor elementor-29091\">\n\t\t\t\t<div class=\"elementor-element elementor-element-5389fef wd-section-stretch e-flex e-con-boxed e-con e-parent\" data-id=\"5389fef\" data-element_type=\"container\" data-settings=\"{&quot;background_background&quot;:&quot;classic&quot;}\">\n\t\t\t\t\t<div class=\"e-con-inner\">\n\t\t\t\t<div class=\"elementor-element elementor-element-130b9b3 wd-width-100 elementor-widget elementor-widget-wd_title\" data-id=\"130b9b3\" data-element_type=\"widget\" data-widget_type=\"wd_title.default\">\n\t\t\t\t<div class=\"elementor-widget-container\">\n\t\t\t\t\t\t\t<div class=\"title-wrapper wd-set-mb reset-last-child wd-title-color-default wd-title-style-default wd-title-size-default text-center\">\n\n\t\t\t\n\t\t\t<div class=\"liner-continer\">\n\t\t\t\t<h4 class=\"woodmart-title-container title wd-fontsize-l\">Koka pasaules karte - minim\u0101lisma sienu m\u0101ksla m\u0101jai un birojam<\/h4> \n\t\t\t\t\t\t\t<\/div>\n\n\t\t\t\t\t\t\t<div class=\"title-after_title reset-last-child wd-fontsize-xs\">\n\t\t\t\t\t<p>Uzlabojiet savu interjeru ar \u0161o eleganto <strong>Koka pasaules karte<\/strong>, kas ir p\u0101rlaic\u012bgs un apvieno dabisku \u0161armu ar m\u016bsdien\u012bgu minim\u0101lismu. Izgatavota no augstas kvalit\u0101tes koka un prec\u012bzi iegrav\u0113ta, \u0161\u012b karte drosm\u012bgi, bet gaum\u012bgi izcelsies jebkur\u0101 telp\u0101 - no gu\u013camistabas l\u012bdz birojam un citur.<\/p>\t\t\t\t<\/div>\n\t\t\t\t\t<\/div>\n\t\t\t\t\t\t<\/div>\n\t\t\t\t<\/div>\n\t\t\t\t\t<\/div>\n\t\t\t\t<\/div>\n\t\t<div class=\"wd-negative-gap elementor-element elementor-element-ea2b3c4 e-flex e-con-boxed e-con e-parent\" data-id=\"ea2b3c4\" data-element_type=\"container\">\n\t\t\t\t\t<div class=\"e-con-inner\">\n\t\t<div class=\"elementor-element elementor-element-dde1ddd e-con-full e-flex e-con e-child\" data-id=\"dde1ddd\" data-element_type=\"container\">\n\t\t<div class=\"elementor-element elementor-element-085aa87 e-con-full e-flex e-con e-child\" data-id=\"085aa87\" data-element_type=\"container\">\n\t\t\t\t<div class=\"elementor-element elementor-element-d1cb860 elementor-widget elementor-widget-image\" data-id=\"d1cb860\" data-element_type=\"widget\" data-widget_type=\"image.default\">\n\t\t\t\t\t\t\t\t\t\t\t\t\t\t\t<img alt=\"\" fetchpriority=\"high\" decoding=\"async\" width=\"970\" height=\"800\" src=\"https:\/\/thewoodcrafts.com\/wp-content\/uploads\/2025\/08\/Size-guide-Country-map-2000-x-1650-px-1-970x800.jpg\" class=\"attachment-large size-large wp-image-30963\" srcset=\"https:\/\/thewoodcrafts.com\/wp-content\/uploads\/2025\/08\/Size-guide-Country-map-2000-x-1650-px-1-970x800.jpg 970w, https:\/\/thewoodcrafts.com\/wp-content\/uploads\/2025\/08\/Size-guide-Country-map-2000-x-1650-px-1-364x300.jpg 364w, https:\/\/thewoodcrafts.com\/wp-content\/uploads\/2025\/08\/Size-guide-Country-map-2000-x-1650-px-1-768x634.jpg 768w, https:\/\/thewoodcrafts.com\/wp-content\/uploads\/2025\/08\/Size-guide-Country-map-2000-x-1650-px-1-1536x1267.jpg 1536w, https:\/\/thewoodcrafts.com\/wp-content\/uploads\/2025\/08\/Size-guide-Country-map-2000-x-1650-px-1-15x12.jpg 15w, https:\/\/thewoodcrafts.com\/wp-content\/uploads\/2025\/08\/Size-guide-Country-map-2000-x-1650-px-1-430x355.jpg 430w, https:\/\/thewoodcrafts.com\/wp-content\/uploads\/2025\/08\/Size-guide-Country-map-2000-x-1650-px-1-700x578.jpg 700w, https:\/\/thewoodcrafts.com\/wp-content\/uploads\/2025\/08\/Size-guide-Country-map-2000-x-1650-px-1-150x124.jpg 150w, https:\/\/thewoodcrafts.com\/wp-content\/uploads\/2025\/08\/Size-guide-Country-map-2000-x-1650-px-1.jpg 1920w\" sizes=\"(max-width: 970px) 100vw, 970px\" \/>\t\t\t\t\t\t\t\t\t\t\t\t\t\t\t<\/div>\n\t\t\t\t<\/div>\n\t\t<div class=\"elementor-element elementor-element-3cfc9bc e-con-full e-flex e-con e-child\" data-id=\"3cfc9bc\" data-element_type=\"container\">\n\t\t\t\t<div class=\"elementor-element elementor-element-3673edb wd-width-100 elementor-widget elementor-widget-wd_title\" data-id=\"3673edb\" data-element_type=\"widget\" data-widget_type=\"wd_title.default\">\n\t\t\t\t<div class=\"elementor-widget-container\">\n\t\t\t\t\t\t\t<div class=\"title-wrapper wd-set-mb reset-last-child wd-title-color-default wd-title-style-default wd-title-size-default text-center\">\n\n\t\t\t\n\t\t\t<div class=\"liner-continer\">\n\t\t\t\t<h4 class=\"woodmart-title-container title wd-fontsize-l\">K\u0101p\u0113c jums tas patiks<\/h4> \n\t\t\t\t\t\t\t<\/div>\n\n\t\t\t\t\t\t\t<div class=\"title-after_title reset-last-child wd-fontsize-xs\">\n\t\t\t\t\t<p><strong>Minim\u0101listiska elegance<\/strong> - lieliski iederas skandin\u0101vu, modernaj\u0101, lauku vai boho interjer\u0101.<\/p><p>A <strong>noz\u012bm\u012bgs dekora elements<\/strong> ce\u013cojumu m\u012b\u013cot\u0101jiem un sap\u0146ot\u0101jiem<\/p><p>Pal\u012bdz <strong>vizualiz\u0113t savus piedz\u012bvojumus<\/strong> vai pl\u0101nojiet n\u0101kamo ce\u013cojumu<\/p><p>Unik\u0101ls <strong>ideja par d\u0101vanu<\/strong> k\u0101z\u0101m, m\u0101jassv\u0113tkiem, dzim\u0161anas dien\u0101m vai korporat\u012bviem pas\u0101kumiem.<\/p><p>Izbaudiet t\u0101 salik\u0161anu k\u0101 puzli - <strong>relaks\u0113jo\u0161a un apmierino\u0161a<\/strong><\/p>\t\t\t\t<\/div>\n\t\t\t\t\t<\/div>\n\t\t\t\t\t\t<\/div>\n\t\t\t\t<\/div>\n\t\t\t\t<\/div>\n\t\t\t\t<\/div>\n\t\t\t\t\t<\/div>\n\t\t\t\t<\/div>\n\t\t<div class=\"wd-negative-gap elementor-element elementor-element-1f6c48f e-flex e-con-boxed e-con e-parent\" data-id=\"1f6c48f\" data-element_type=\"container\">\n\t\t\t\t\t<div class=\"e-con-inner\">\n\t\t<div class=\"elementor-element elementor-element-b4fc79f e-con-full e-flex e-con e-child\" data-id=\"b4fc79f\" data-element_type=\"container\">\n\t\t<div class=\"elementor-element elementor-element-2cac530 e-con-full e-flex e-con e-child\" data-id=\"2cac530\" data-element_type=\"container\">\n\t\t\t\t<div class=\"elementor-element elementor-element-7a53a7c elementor-widget elementor-widget-image\" data-id=\"7a53a7c\" data-element_type=\"widget\" data-widget_type=\"image.default\">\n\t\t\t\t\t\t\t\t\t\t\t\t\t\t\t<img alt=\"\" decoding=\"async\" width=\"800\" height=\"800\" src=\"https:\/\/thewoodcrafts.com\/wp-content\/uploads\/2025\/07\/Map-styles-2000-x-2000-px-800x800.jpg\" class=\"attachment-large size-large wp-image-29132\" srcset=\"https:\/\/thewoodcrafts.com\/wp-content\/uploads\/2025\/07\/Map-styles-2000-x-2000-px-800x800.jpg 800w, https:\/\/thewoodcrafts.com\/wp-content\/uploads\/2025\/07\/Map-styles-2000-x-2000-px-300x300.jpg 300w, https:\/\/thewoodcrafts.com\/wp-content\/uploads\/2025\/07\/Map-styles-2000-x-2000-px-150x150.jpg 150w, https:\/\/thewoodcrafts.com\/wp-content\/uploads\/2025\/07\/Map-styles-2000-x-2000-px-768x768.jpg 768w, https:\/\/thewoodcrafts.com\/wp-content\/uploads\/2025\/07\/Map-styles-2000-x-2000-px-1536x1536.jpg 1536w, https:\/\/thewoodcrafts.com\/wp-content\/uploads\/2025\/07\/Map-styles-2000-x-2000-px-650x650.jpg 650w, https:\/\/thewoodcrafts.com\/wp-content\/uploads\/2025\/07\/Map-styles-2000-x-2000-px-1300x1300.jpg 1300w, https:\/\/thewoodcrafts.com\/wp-content\/uploads\/2025\/07\/Map-styles-2000-x-2000-px-430x430.jpg 430w, https:\/\/thewoodcrafts.com\/wp-content\/uploads\/2025\/07\/Map-styles-2000-x-2000-px-700x700.jpg 700w, https:\/\/thewoodcrafts.com\/wp-content\/uploads\/2025\/07\/Map-styles-2000-x-2000-px.jpg 1920w\" sizes=\"(max-width: 800px) 100vw, 800px\" \/>\t\t\t\t\t\t\t\t\t\t\t\t\t\t\t<\/div>\n\t\t\t\t<\/div>\n\t\t<div class=\"elementor-element elementor-element-e36eb76 e-con-full e-flex e-con e-child\" data-id=\"e36eb76\" data-element_type=\"container\">\n\t\t\t\t<div class=\"elementor-element elementor-element-2ad7216 wd-width-100 elementor-widget elementor-widget-wd_title\" data-id=\"2ad7216\" data-element_type=\"widget\" data-widget_type=\"wd_title.default\">\n\t\t\t\t<div class=\"elementor-widget-container\">\n\t\t\t\t\t\t\t<div class=\"title-wrapper wd-set-mb reset-last-child wd-title-color-default wd-title-style-default wd-title-size-default text-center\">\n\n\t\t\t\n\t\t\t<div class=\"liner-continer\">\n\t\t\t\t<h4 class=\"woodmart-title-container title wd-fontsize-l\">Ide\u0101li piem\u0113rots:<\/h4> \n\t\t\t\t\t\t\t<\/div>\n\n\t\t\t\t\t\t\t<div class=\"title-after_title reset-last-child wd-fontsize-xs\">\n\t\t\t\t\t<p>Gu\u013camistabas, dz\u012bvojam\u0101s istabas, m\u0101jas biroji, kafejn\u012bcas<\/p><p>Airbnb, koprades telpas, rado\u0161\u0101s darbn\u012bcas<\/p><p>Izgl\u012bt\u012bbas telpas vai \u0123eogr\u0101fijas cien\u012bt\u0101ji<\/p><p>D\u0101vin\u0101\u0161ana k\u0101dam, kur\u0161 vienm\u0113r pl\u0101no n\u0101kamo galam\u0113r\u0137i<\/p>\t\t\t\t<\/div>\n\t\t\t\t\t<\/div>\n\t\t\t\t\t\t<\/div>\n\t\t\t\t<\/div>\n\t\t\t\t<\/div>\n\t\t\t\t<\/div>\n\t\t\t\t\t<\/div>\n\t\t\t\t<\/div>\n\t\t\t\t<\/div>","protected":false},"excerpt":{"rendered":"<h2 data-start=\"2247\" data-end=\"2297\">Roku darbs. Ilgtsp\u0113j\u012bgs. Vizu\u0101li valdzino\u0161s.<\/h2>\n<p data-start=\"2299\" data-end=\"2420\">P\u0101rv\u0113rtiet vienk\u0101r\u0161u sienu par satrieco\u0161u sarunu objektu ar \u0161o koka karti un \u013caujiet savai telpai st\u0101st\u012bt piedz\u012bvojumu st\u0101stu.<\/p>","protected":false},"featured_media":29127,"comment_status":"open","ping_status":"closed","template":"","meta":{"_seopress_robots_primary_cat":"none","_seopress_titles_title":"Explore the World in Style: Sustainable Wooden world Map Wall Art.","_seopress_titles_desc":"Add warmth and character to your home with a handcrafted wooden world map. Shop various styles & sizes. Sustainable materials, shop Now!","_seopress_robots_index":""},"product_brand":[],"product_cat":[72,96],"product_tag":[],"class_list":{"0":"post-29091","1":"product","2":"type-product","3":"status-publish","4":"has-post-thumbnail","6":"product_cat-2d-wooden-maps","7":"product_cat-wooden-maps","9":"first","10":"instock","11":"sale","12":"shipping-taxable","13":"purchasable","14":"product-type-variable","15":"has-default-attributes"},"_links":{"self":[{"href":"https:\/\/thewoodcrafts.com\/lv\/wp-json\/wp\/v2\/product\/29091","targetHints":{"allow":["GET"]}}],"collection":[{"href":"https:\/\/thewoodcrafts.com\/lv\/wp-json\/wp\/v2\/product"}],"about":[{"href":"https:\/\/thewoodcrafts.com\/lv\/wp-json\/wp\/v2\/types\/product"}],"replies":[{"embeddable":true,"href":"https:\/\/thewoodcrafts.com\/lv\/wp-json\/wp\/v2\/comments?post=29091"}],"version-history":[{"count":0,"href":"https:\/\/thewoodcrafts.com\/lv\/wp-json\/wp\/v2\/product\/29091\/revisions"}],"wp:featuredmedia":[{"embeddable":true,"href":"https:\/\/thewoodcrafts.com\/lv\/wp-json\/wp\/v2\/media\/29127"}],"wp:attachment":[{"href":"https:\/\/thewoodcrafts.com\/lv\/wp-json\/wp\/v2\/media?parent=29091"}],"wp:term":[{"taxonomy":"product_brand","embeddable":true,"href":"https:\/\/thewoodcrafts.com\/lv\/wp-json\/wp\/v2\/product_brand?post=29091"},{"taxonomy":"product_cat","embeddable":true,"href":"https:\/\/thewoodcrafts.com\/lv\/wp-json\/wp\/v2\/product_cat?post=29091"},{"taxonomy":"product_tag","embeddable":true,"href":"https:\/\/thewoodcrafts.com\/lv\/wp-json\/wp\/v2\/product_tag?post=29091"}],"curies":[{"name":"wp","href":"https:\/\/api.w.org\/{rel}","templated":true}]}}