{"id":29316,"date":"2025-07-21T17:34:45","date_gmt":"2025-07-21T14:34:45","guid":{"rendered":"https:\/\/thewoodcrafts.com\/?post_type=product&#038;p=29316"},"modified":"2025-08-27T14:43:54","modified_gmt":"2025-08-27T11:43:54","slug":"wooden-map-of-lithuania","status":"publish","type":"product","link":"https:\/\/thewoodcrafts.com\/lv\/products\/wooden-map-of-lithuania\/","title":{"rendered":"Lietuvas koka karte"},"content":{"rendered":"<div data-elementor-type=\"wp-post\" data-elementor-id=\"29316\" class=\"elementor elementor-29316\">\n\t\t\t\t<div class=\"elementor-element elementor-element-cec754d wd-section-stretch e-flex e-con-boxed e-con e-parent\" data-id=\"cec754d\" data-element_type=\"container\" data-e-type=\"container\" data-settings=\"{&quot;background_background&quot;:&quot;classic&quot;}\">\n\t\t\t\t\t<div class=\"e-con-inner\">\n\t\t\t\t<div class=\"elementor-element elementor-element-3f8ba31 wd-width-100 elementor-widget elementor-widget-wd_title\" data-id=\"3f8ba31\" data-element_type=\"widget\" data-e-type=\"widget\" data-widget_type=\"wd_title.default\">\n\t\t\t\t<div class=\"elementor-widget-container\">\n\t\t\t\t\t\t\t<div class=\"title-wrapper wd-set-mb reset-last-child wd-title-color-default wd-title-style-default wd-title-size-default text-center\">\n\n\t\t\t\n\t\t\t<div class=\"liner-continer\">\n\t\t\t\t<h4 class=\"woodmart-title-container title wd-fontsize-l\">Lietuvas koka karte<\/h4> \n\t\t\t\t\t\t\t<\/div>\n\n\t\t\t\t\t\t\t<div class=\"title-after_title reset-last-child wd-fontsize-xs\">\n\t\t\t\t\t<p>Ievietojiet Lietuvu sav\u0101s m\u0101j\u0101s ar \u0161o skaisto, ar rok\u0101m darin\u0101to <strong>Lietuvas koka karte<\/strong>ar prec\u012bzi iegrav\u0113tiem pa\u0161vald\u012bbu nosaukumiem. Neatkar\u012bgi no t\u0101, vai esat lepns viet\u0113jais iedz\u012bvot\u0101js, emigrants, kas ilgojas p\u0113c m\u0101j\u0101m, vai vienk\u0101r\u0161i \u0123eogr\u0101fijas entuziasts - \u0161\u012b karte ir vair\u0101k nek\u0101 tikai dekor\u0101cija. T\u0101 ir identit\u0101tes, sak\u0146u un izp\u0113tes svin\u0113\u0161ana.<\/p>\t\t\t\t<\/div>\n\t\t\t\t\t<\/div>\n\t\t\t\t\t\t<\/div>\n\t\t\t\t<\/div>\n\t\t\t\t\t<\/div>\n\t\t\t\t<\/div>\n\t\t<div class=\"wd-negative-gap elementor-element elementor-element-8ef78b9 e-flex e-con-boxed e-con e-parent\" data-id=\"8ef78b9\" data-element_type=\"container\" data-e-type=\"container\">\n\t\t\t\t\t<div class=\"e-con-inner\">\n\t\t<div class=\"elementor-element elementor-element-1fc74ba e-con-full e-flex e-con e-child\" data-id=\"1fc74ba\" data-element_type=\"container\" data-e-type=\"container\">\n\t\t<div class=\"elementor-element elementor-element-08ad7ba e-con-full e-flex e-con e-child\" data-id=\"08ad7ba\" data-element_type=\"container\" data-e-type=\"container\">\n\t\t\t\t<div class=\"elementor-element elementor-element-9635344 elementor-widget elementor-widget-image\" data-id=\"9635344\" data-element_type=\"widget\" data-e-type=\"widget\" data-widget_type=\"image.default\">\n\t\t\t\t\t\t\t\t\t\t\t\t\t\t\t<img alt=\"\" fetchpriority=\"high\" decoding=\"async\" width=\"970\" height=\"800\" src=\"https:\/\/thewoodcrafts.com\/wp-content\/uploads\/2025\/07\/Size-guide-Country-map-2000-x-1650-px-970x800.jpg\" class=\"attachment-large size-large wp-image-29663\" srcset=\"https:\/\/thewoodcrafts.com\/wp-content\/uploads\/2025\/07\/Size-guide-Country-map-2000-x-1650-px-970x800.jpg 970w, https:\/\/thewoodcrafts.com\/wp-content\/uploads\/2025\/07\/Size-guide-Country-map-2000-x-1650-px-364x300.jpg 364w, https:\/\/thewoodcrafts.com\/wp-content\/uploads\/2025\/07\/Size-guide-Country-map-2000-x-1650-px-768x634.jpg 768w, https:\/\/thewoodcrafts.com\/wp-content\/uploads\/2025\/07\/Size-guide-Country-map-2000-x-1650-px-1536x1267.jpg 1536w, https:\/\/thewoodcrafts.com\/wp-content\/uploads\/2025\/07\/Size-guide-Country-map-2000-x-1650-px-430x355.jpg 430w, https:\/\/thewoodcrafts.com\/wp-content\/uploads\/2025\/07\/Size-guide-Country-map-2000-x-1650-px-700x578.jpg 700w, https:\/\/thewoodcrafts.com\/wp-content\/uploads\/2025\/07\/Size-guide-Country-map-2000-x-1650-px-150x124.jpg 150w, https:\/\/thewoodcrafts.com\/wp-content\/uploads\/2025\/07\/Size-guide-Country-map-2000-x-1650-px.jpg 1920w\" sizes=\"(max-width: 970px) 100vw, 970px\" \/>\t\t\t\t\t\t\t\t\t\t\t\t\t\t\t<\/div>\n\t\t\t\t<\/div>\n\t\t<div class=\"elementor-element elementor-element-d19488b e-con-full e-flex e-con e-child\" data-id=\"d19488b\" data-element_type=\"container\" data-e-type=\"container\">\n\t\t\t\t<div class=\"elementor-element elementor-element-1478758 wd-width-100 elementor-widget elementor-widget-wd_title\" data-id=\"1478758\" data-element_type=\"widget\" data-e-type=\"widget\" data-widget_type=\"wd_title.default\">\n\t\t\t\t<div class=\"elementor-widget-container\">\n\t\t\t\t\t\t\t<div class=\"title-wrapper wd-set-mb reset-last-child wd-title-color-default wd-title-style-default wd-title-size-default text-center\">\n\n\t\t\t\n\t\t\t<div class=\"liner-continer\">\n\t\t\t\t<h4 class=\"woodmart-title-container title wd-fontsize-l\">K\u0101p\u0113c jums tas patiks<\/h4> \n\t\t\t\t\t\t\t<\/div>\n\n\t\t\t\t\t\t\t<div class=\"title-after_title reset-last-child wd-fontsize-xs\">\n\t\t\t\t\t<p>A <strong>stil\u012bgs centr\u0101lais elements<\/strong> j\u016bsu viesistabai, birojam vai kabinetam<\/p><p>A <strong>lieliska d\u0101vana<\/strong> ce\u013cot\u0101jiem, patriotiem un dizaina cien\u012bt\u0101jiem<\/p><p>Lielisks <strong>sarunu s\u0101k\u0161anas l\u012bdzeklis<\/strong> - p\u0101rbaudiet savus draugus Lietuvas \u0123eogr\u0101fij\u0101!<\/p><p>Mudina b\u0113rnus un pieaugu\u0161os <strong>uzzin\u0101t par Lietuvas re\u0123ioniem<\/strong> vizu\u0101li un taustes veid\u0101.<\/p>\t\t\t\t<\/div>\n\t\t\t\t\t<\/div>\n\t\t\t\t\t\t<\/div>\n\t\t\t\t<\/div>\n\t\t\t\t<\/div>\n\t\t\t\t<\/div>\n\t\t\t\t\t<\/div>\n\t\t\t\t<\/div>\n\t\t<div class=\"wd-negative-gap elementor-element elementor-element-f2e207c e-flex e-con-boxed e-con e-parent\" data-id=\"f2e207c\" data-element_type=\"container\" data-e-type=\"container\">\n\t\t\t\t\t<div class=\"e-con-inner\">\n\t\t<div class=\"elementor-element elementor-element-92adcc7 e-con-full e-flex e-con e-child\" data-id=\"92adcc7\" data-element_type=\"container\" data-e-type=\"container\">\n\t\t<div class=\"elementor-element elementor-element-382a30b e-con-full e-flex e-con e-child\" data-id=\"382a30b\" data-element_type=\"container\" data-e-type=\"container\">\n\t\t\t\t<div class=\"elementor-element elementor-element-7369cfb elementor-widget elementor-widget-image\" data-id=\"7369cfb\" data-element_type=\"widget\" data-e-type=\"widget\" data-widget_type=\"image.default\">\n\t\t\t\t\t\t\t\t\t\t\t\t\t\t\t<img alt=\"\" decoding=\"async\" width=\"800\" height=\"800\" src=\"https:\/\/thewoodcrafts.com\/wp-content\/uploads\/2025\/07\/Map-styles-2000-x-2000-px-800x800.jpg\" class=\"attachment-large size-large wp-image-29132\" srcset=\"https:\/\/thewoodcrafts.com\/wp-content\/uploads\/2025\/07\/Map-styles-2000-x-2000-px-800x800.jpg 800w, https:\/\/thewoodcrafts.com\/wp-content\/uploads\/2025\/07\/Map-styles-2000-x-2000-px-300x300.jpg 300w, https:\/\/thewoodcrafts.com\/wp-content\/uploads\/2025\/07\/Map-styles-2000-x-2000-px-150x150.jpg 150w, https:\/\/thewoodcrafts.com\/wp-content\/uploads\/2025\/07\/Map-styles-2000-x-2000-px-768x768.jpg 768w, https:\/\/thewoodcrafts.com\/wp-content\/uploads\/2025\/07\/Map-styles-2000-x-2000-px-1536x1536.jpg 1536w, https:\/\/thewoodcrafts.com\/wp-content\/uploads\/2025\/07\/Map-styles-2000-x-2000-px-650x650.jpg 650w, https:\/\/thewoodcrafts.com\/wp-content\/uploads\/2025\/07\/Map-styles-2000-x-2000-px-1300x1300.jpg 1300w, https:\/\/thewoodcrafts.com\/wp-content\/uploads\/2025\/07\/Map-styles-2000-x-2000-px-430x430.jpg 430w, https:\/\/thewoodcrafts.com\/wp-content\/uploads\/2025\/07\/Map-styles-2000-x-2000-px-700x700.jpg 700w, https:\/\/thewoodcrafts.com\/wp-content\/uploads\/2025\/07\/Map-styles-2000-x-2000-px.jpg 1920w\" sizes=\"(max-width: 800px) 100vw, 800px\" \/>\t\t\t\t\t\t\t\t\t\t\t\t\t\t\t<\/div>\n\t\t\t\t<\/div>\n\t\t<div class=\"elementor-element elementor-element-b17361f e-con-full e-flex e-con e-child\" data-id=\"b17361f\" data-element_type=\"container\" data-e-type=\"container\">\n\t\t\t\t<div class=\"elementor-element elementor-element-01c9a78 wd-width-100 elementor-widget elementor-widget-wd_title\" data-id=\"01c9a78\" data-element_type=\"widget\" data-e-type=\"widget\" data-widget_type=\"wd_title.default\">\n\t\t\t\t<div class=\"elementor-widget-container\">\n\t\t\t\t\t\t\t<div class=\"title-wrapper wd-set-mb reset-last-child wd-title-color-default wd-title-style-default wd-title-size-default text-center\">\n\n\t\t\t\n\t\t\t<div class=\"liner-continer\">\n\t\t\t\t<h4 class=\"woodmart-title-container title wd-fontsize-l\">Ide\u0101li piem\u0113rots:<\/h4> \n\t\t\t\t\t\t\t<\/div>\n\n\t\t\t\t\t\t\t<div class=\"title-after_title reset-last-child wd-fontsize-xs\">\n\t\t\t\t\t<p>M\u0101jas un biroja interjeri<\/p><p>D\u0101vanas lietuvie\u0161iem \u0101rzem\u0113s<\/p><p>Izgl\u012bt\u012bbas nol\u016bki skol\u0101s<\/p><p>Suven\u012bri un valsts sv\u0113tki<\/p>\t\t\t\t<\/div>\n\t\t\t\t\t<\/div>\n\t\t\t\t\t\t<\/div>\n\t\t\t\t<\/div>\n\t\t\t\t<\/div>\n\t\t\t\t<\/div>\n\t\t\t\t\t<\/div>\n\t\t\t\t<\/div>\n\t\t\t\t<\/div>","protected":false},"excerpt":{"rendered":"<p>Iepaz\u012bstiet Lietuvu unik\u0101l\u0101 veid\u0101 ar \u0161o ar rok\u0101m darin\u0101to koka karti - noz\u012bm\u012bgu darbu, kas atspogu\u013co j\u016bsu m\u012blest\u012bbu pret \u0161o valsti un zin\u0101tk\u0101ri par katru t\u0101s st\u016br\u012bti.<\/p>","protected":false},"featured_media":29680,"comment_status":"open","ping_status":"closed","template":"","meta":{"_seopress_robots_primary_cat":"none","_seopress_titles_title":"Wooden Map of Lithuania: Handcrafted Wall Art for Your Home","_seopress_titles_desc":"Discover the beauty of Lithuania with our laser-cut wooden map. Intricate detail & eco-friendly materials. Explore now & find your perfect size!","_seopress_robots_index":""},"product_brand":[],"product_cat":[89,96],"product_tag":[],"class_list":{"0":"post-29316","1":"product","2":"type-product","3":"status-publish","4":"has-post-thumbnail","6":"product_cat-maps-of-lithuania","7":"product_cat-wooden-maps","9":"first","10":"instock","11":"shipping-taxable","12":"purchasable","13":"product-type-variable","14":"has-default-attributes"},"_links":{"self":[{"href":"https:\/\/thewoodcrafts.com\/lv\/wp-json\/wp\/v2\/product\/29316","targetHints":{"allow":["GET"]}}],"collection":[{"href":"https:\/\/thewoodcrafts.com\/lv\/wp-json\/wp\/v2\/product"}],"about":[{"href":"https:\/\/thewoodcrafts.com\/lv\/wp-json\/wp\/v2\/types\/product"}],"replies":[{"embeddable":true,"href":"https:\/\/thewoodcrafts.com\/lv\/wp-json\/wp\/v2\/comments?post=29316"}],"version-history":[{"count":0,"href":"https:\/\/thewoodcrafts.com\/lv\/wp-json\/wp\/v2\/product\/29316\/revisions"}],"wp:featuredmedia":[{"embeddable":true,"href":"https:\/\/thewoodcrafts.com\/lv\/wp-json\/wp\/v2\/media\/29680"}],"wp:attachment":[{"href":"https:\/\/thewoodcrafts.com\/lv\/wp-json\/wp\/v2\/media?parent=29316"}],"wp:term":[{"taxonomy":"product_brand","embeddable":true,"href":"https:\/\/thewoodcrafts.com\/lv\/wp-json\/wp\/v2\/product_brand?post=29316"},{"taxonomy":"product_cat","embeddable":true,"href":"https:\/\/thewoodcrafts.com\/lv\/wp-json\/wp\/v2\/product_cat?post=29316"},{"taxonomy":"product_tag","embeddable":true,"href":"https:\/\/thewoodcrafts.com\/lv\/wp-json\/wp\/v2\/product_tag?post=29316"}],"curies":[{"name":"wp","href":"https:\/\/api.w.org\/{rel}","templated":true}]}}