{"id":29092,"date":"2025-07-21T17:33:46","date_gmt":"2025-07-21T14:33:46","guid":{"rendered":"https:\/\/thewoodcrafts.com\/?post_type=product&#038;p=29092"},"modified":"2025-09-05T09:30:17","modified_gmt":"2025-09-05T06:30:17","slug":"flag-push-pins","status":"publish","type":"product","link":"https:\/\/thewoodcrafts.com\/nb\/produkt\/flag-push-pins\/","title":{"rendered":"Trykkn\u00e5ler for flagg"},"content":{"rendered":"","protected":false},"excerpt":{"rendered":"<p>Verdensflagg-pins kan brukes til \u00e5 markere steder du har bes\u00f8kt eller \u00f8nsker \u00e5 bes\u00f8ke en dag.<\/p>\n<ul>\n<li>100 trykkn\u00e5ler av metall<\/li>\n<li>hendig liten st\u00f8rrelse,\u00a0<span class=\"a-list-item\">fargerik og praktisk<\/span><\/li>\n<li>flere bruksomr\u00e5der:\u00a0<span class=\"a-list-item\">for kart i tre,\u00a0<\/span><span class=\"a-list-item\">papir, notater, notater, permer,\u00a0<\/span><span class=\"a-list-item\">korktavler, oppslagstavler og kalendere<\/span><\/li>\n<li>pakket i en eske med en praktisk guide til hvordan hvert lands flagg ser ut<\/li>\n<li>V\u00e6r oppmerksom p\u00e5 at dette er en dekorasjon, og at noen landflagg kan v\u00e6re utelatt<\/li>\n<\/ul>","protected":false},"featured_media":29323,"comment_status":"open","ping_status":"closed","template":"","meta":{"_seopress_robots_primary_cat":"none","_seopress_titles_title":"","_seopress_titles_desc":"","_seopress_robots_index":""},"product_brand":[],"product_cat":[20],"product_tag":[],"class_list":{"0":"post-29092","1":"product","2":"type-product","3":"status-publish","4":"has-post-thumbnail","6":"product_cat-accessories","8":"first","9":"instock","10":"sale","11":"shipping-taxable","12":"purchasable","13":"product-type-simple"},"_links":{"self":[{"href":"https:\/\/thewoodcrafts.com\/nb\/wp-json\/wp\/v2\/product\/29092","targetHints":{"allow":["GET"]}}],"collection":[{"href":"https:\/\/thewoodcrafts.com\/nb\/wp-json\/wp\/v2\/product"}],"about":[{"href":"https:\/\/thewoodcrafts.com\/nb\/wp-json\/wp\/v2\/types\/product"}],"replies":[{"embeddable":true,"href":"https:\/\/thewoodcrafts.com\/nb\/wp-json\/wp\/v2\/comments?post=29092"}],"version-history":[{"count":0,"href":"https:\/\/thewoodcrafts.com\/nb\/wp-json\/wp\/v2\/product\/29092\/revisions"}],"wp:featuredmedia":[{"embeddable":true,"href":"https:\/\/thewoodcrafts.com\/nb\/wp-json\/wp\/v2\/media\/29323"}],"wp:attachment":[{"href":"https:\/\/thewoodcrafts.com\/nb\/wp-json\/wp\/v2\/media?parent=29092"}],"wp:term":[{"taxonomy":"product_brand","embeddable":true,"href":"https:\/\/thewoodcrafts.com\/nb\/wp-json\/wp\/v2\/product_brand?post=29092"},{"taxonomy":"product_cat","embeddable":true,"href":"https:\/\/thewoodcrafts.com\/nb\/wp-json\/wp\/v2\/product_cat?post=29092"},{"taxonomy":"product_tag","embeddable":true,"href":"https:\/\/thewoodcrafts.com\/nb\/wp-json\/wp\/v2\/product_tag?post=29092"}],"curies":[{"name":"wp","href":"https:\/\/api.w.org\/{rel}","templated":true}]}}