{"id":29316,"date":"2025-07-21T17:34:45","date_gmt":"2025-07-21T14:34:45","guid":{"rendered":"https:\/\/thewoodcrafts.com\/?post_type=product&#038;p=29316"},"modified":"2025-08-27T14:43:54","modified_gmt":"2025-08-27T11:43:54","slug":"wooden-map-of-lithuania","status":"publish","type":"product","link":"https:\/\/thewoodcrafts.com\/sv\/produkt\/wooden-map-of-lithuania\/","title":{"rendered":"Tr\u00e4karta \u00f6ver Litauen"},"content":{"rendered":"<div data-elementor-type=\"wp-post\" data-elementor-id=\"29316\" class=\"elementor elementor-29316\">\n\t\t\t\t<div class=\"elementor-element elementor-element-cec754d wd-section-stretch e-flex e-con-boxed e-con e-parent\" data-id=\"cec754d\" data-element_type=\"container\" data-settings=\"{&quot;background_background&quot;:&quot;classic&quot;}\">\n\t\t\t\t\t<div class=\"e-con-inner\">\n\t\t\t\t<div class=\"elementor-element elementor-element-3f8ba31 wd-width-100 elementor-widget elementor-widget-wd_title\" data-id=\"3f8ba31\" data-element_type=\"widget\" data-widget_type=\"wd_title.default\">\n\t\t\t\t<div class=\"elementor-widget-container\">\n\t\t\t\t\t\t\t<div class=\"title-wrapper wd-set-mb reset-last-child wd-title-color-default wd-title-style-default wd-title-size-default text-center\">\n\n\t\t\t\n\t\t\t<div class=\"liner-continer\">\n\t\t\t\t<h4 class=\"woodmart-title-container title wd-fontsize-l\">Tr\u00e4karta \u00f6ver Litauen<\/h4> \n\t\t\t\t\t\t\t<\/div>\n\n\t\t\t\t\t\t\t<div class=\"title-after_title reset-last-child wd-fontsize-xs\">\n\t\t\t\t\t<p>Ta med Litauen in i ditt hem med denna vackert handgjorda <strong>tr\u00e4karta \u00f6ver Litauen<\/strong>med exakt graverade kommunnamn. Oavsett om du \u00e4r en stolt lokalbo, en expat som l\u00e4ngtar hem eller helt enkelt en geografientusiast - den h\u00e4r kartan \u00e4r mer \u00e4n bara en dekoration. Det \u00e4r en hyllning till identitet, r\u00f6tter och utforskning.<\/p>\t\t\t\t<\/div>\n\t\t\t\t\t<\/div>\n\t\t\t\t\t\t<\/div>\n\t\t\t\t<\/div>\n\t\t\t\t\t<\/div>\n\t\t\t\t<\/div>\n\t\t<div class=\"wd-negative-gap elementor-element elementor-element-8ef78b9 e-flex e-con-boxed e-con e-parent\" data-id=\"8ef78b9\" data-element_type=\"container\">\n\t\t\t\t\t<div class=\"e-con-inner\">\n\t\t<div class=\"elementor-element elementor-element-1fc74ba e-con-full e-flex e-con e-child\" data-id=\"1fc74ba\" data-element_type=\"container\">\n\t\t<div class=\"elementor-element elementor-element-08ad7ba e-con-full e-flex e-con e-child\" data-id=\"08ad7ba\" data-element_type=\"container\">\n\t\t\t\t<div class=\"elementor-element elementor-element-9635344 elementor-widget elementor-widget-image\" data-id=\"9635344\" data-element_type=\"widget\" data-widget_type=\"image.default\">\n\t\t\t\t\t\t\t\t\t\t\t\t\t\t\t<img alt=\"\" fetchpriority=\"high\" decoding=\"async\" width=\"970\" height=\"800\" src=\"https:\/\/thewoodcrafts.com\/wp-content\/uploads\/2025\/07\/Size-guide-Country-map-2000-x-1650-px-970x800.jpg\" class=\"attachment-large size-large wp-image-29663\" srcset=\"https:\/\/thewoodcrafts.com\/wp-content\/uploads\/2025\/07\/Size-guide-Country-map-2000-x-1650-px-970x800.jpg 970w, https:\/\/thewoodcrafts.com\/wp-content\/uploads\/2025\/07\/Size-guide-Country-map-2000-x-1650-px-364x300.jpg 364w, https:\/\/thewoodcrafts.com\/wp-content\/uploads\/2025\/07\/Size-guide-Country-map-2000-x-1650-px-768x634.jpg 768w, https:\/\/thewoodcrafts.com\/wp-content\/uploads\/2025\/07\/Size-guide-Country-map-2000-x-1650-px-1536x1267.jpg 1536w, https:\/\/thewoodcrafts.com\/wp-content\/uploads\/2025\/07\/Size-guide-Country-map-2000-x-1650-px-430x355.jpg 430w, https:\/\/thewoodcrafts.com\/wp-content\/uploads\/2025\/07\/Size-guide-Country-map-2000-x-1650-px-700x578.jpg 700w, https:\/\/thewoodcrafts.com\/wp-content\/uploads\/2025\/07\/Size-guide-Country-map-2000-x-1650-px-150x124.jpg 150w, https:\/\/thewoodcrafts.com\/wp-content\/uploads\/2025\/07\/Size-guide-Country-map-2000-x-1650-px.jpg 1920w\" sizes=\"(max-width: 970px) 100vw, 970px\" \/>\t\t\t\t\t\t\t\t\t\t\t\t\t\t\t<\/div>\n\t\t\t\t<\/div>\n\t\t<div class=\"elementor-element elementor-element-d19488b e-con-full e-flex e-con e-child\" data-id=\"d19488b\" data-element_type=\"container\">\n\t\t\t\t<div class=\"elementor-element elementor-element-1478758 wd-width-100 elementor-widget elementor-widget-wd_title\" data-id=\"1478758\" data-element_type=\"widget\" data-widget_type=\"wd_title.default\">\n\t\t\t\t<div class=\"elementor-widget-container\">\n\t\t\t\t\t\t\t<div class=\"title-wrapper wd-set-mb reset-last-child wd-title-color-default wd-title-style-default wd-title-size-default text-center\">\n\n\t\t\t\n\t\t\t<div class=\"liner-continer\">\n\t\t\t\t<h4 class=\"woodmart-title-container title wd-fontsize-l\">Varf\u00f6r du kommer att \u00e4lska det<\/h4> \n\t\t\t\t\t\t\t<\/div>\n\n\t\t\t\t\t\t\t<div class=\"title-after_title reset-last-child wd-fontsize-xs\">\n\t\t\t\t\t<p>A <strong>elegant mittpunkt<\/strong> f\u00f6r vardagsrummet, kontoret eller arbetsrummet<\/p><p>A <strong>perfekt present<\/strong> f\u00f6r resen\u00e4rer, patrioter och design\u00e4lskare<\/p><p>En stor <strong>konversationsstartare<\/strong> - Testa dina v\u00e4nner p\u00e5 litauisk geografi!<\/p><p>Uppmuntrar barn och vuxna att <strong>l\u00e4ra dig mer om Litauens regioner<\/strong> p\u00e5 ett visuellt och taktilt s\u00e4tt<\/p>\t\t\t\t<\/div>\n\t\t\t\t\t<\/div>\n\t\t\t\t\t\t<\/div>\n\t\t\t\t<\/div>\n\t\t\t\t<\/div>\n\t\t\t\t<\/div>\n\t\t\t\t\t<\/div>\n\t\t\t\t<\/div>\n\t\t<div class=\"wd-negative-gap elementor-element elementor-element-f2e207c e-flex e-con-boxed e-con e-parent\" data-id=\"f2e207c\" data-element_type=\"container\">\n\t\t\t\t\t<div class=\"e-con-inner\">\n\t\t<div class=\"elementor-element elementor-element-92adcc7 e-con-full e-flex e-con e-child\" data-id=\"92adcc7\" data-element_type=\"container\">\n\t\t<div class=\"elementor-element elementor-element-382a30b e-con-full e-flex e-con e-child\" data-id=\"382a30b\" data-element_type=\"container\">\n\t\t\t\t<div class=\"elementor-element elementor-element-7369cfb elementor-widget elementor-widget-image\" data-id=\"7369cfb\" data-element_type=\"widget\" data-widget_type=\"image.default\">\n\t\t\t\t\t\t\t\t\t\t\t\t\t\t\t<img alt=\"\" decoding=\"async\" width=\"800\" height=\"800\" src=\"https:\/\/thewoodcrafts.com\/wp-content\/uploads\/2025\/07\/Map-styles-2000-x-2000-px-800x800.jpg\" class=\"attachment-large size-large wp-image-29132\" srcset=\"https:\/\/thewoodcrafts.com\/wp-content\/uploads\/2025\/07\/Map-styles-2000-x-2000-px-800x800.jpg 800w, https:\/\/thewoodcrafts.com\/wp-content\/uploads\/2025\/07\/Map-styles-2000-x-2000-px-300x300.jpg 300w, https:\/\/thewoodcrafts.com\/wp-content\/uploads\/2025\/07\/Map-styles-2000-x-2000-px-150x150.jpg 150w, https:\/\/thewoodcrafts.com\/wp-content\/uploads\/2025\/07\/Map-styles-2000-x-2000-px-768x768.jpg 768w, https:\/\/thewoodcrafts.com\/wp-content\/uploads\/2025\/07\/Map-styles-2000-x-2000-px-1536x1536.jpg 1536w, https:\/\/thewoodcrafts.com\/wp-content\/uploads\/2025\/07\/Map-styles-2000-x-2000-px-650x650.jpg 650w, https:\/\/thewoodcrafts.com\/wp-content\/uploads\/2025\/07\/Map-styles-2000-x-2000-px-1300x1300.jpg 1300w, https:\/\/thewoodcrafts.com\/wp-content\/uploads\/2025\/07\/Map-styles-2000-x-2000-px-430x430.jpg 430w, https:\/\/thewoodcrafts.com\/wp-content\/uploads\/2025\/07\/Map-styles-2000-x-2000-px-700x700.jpg 700w, https:\/\/thewoodcrafts.com\/wp-content\/uploads\/2025\/07\/Map-styles-2000-x-2000-px.jpg 1920w\" sizes=\"(max-width: 800px) 100vw, 800px\" \/>\t\t\t\t\t\t\t\t\t\t\t\t\t\t\t<\/div>\n\t\t\t\t<\/div>\n\t\t<div class=\"elementor-element elementor-element-b17361f e-con-full e-flex e-con e-child\" data-id=\"b17361f\" data-element_type=\"container\">\n\t\t\t\t<div class=\"elementor-element elementor-element-01c9a78 wd-width-100 elementor-widget elementor-widget-wd_title\" data-id=\"01c9a78\" data-element_type=\"widget\" data-widget_type=\"wd_title.default\">\n\t\t\t\t<div class=\"elementor-widget-container\">\n\t\t\t\t\t\t\t<div class=\"title-wrapper wd-set-mb reset-last-child wd-title-color-default wd-title-style-default wd-title-size-default text-center\">\n\n\t\t\t\n\t\t\t<div class=\"liner-continer\">\n\t\t\t\t<h4 class=\"woodmart-title-container title wd-fontsize-l\">Idealisk f\u00f6r:<\/h4> \n\t\t\t\t\t\t\t<\/div>\n\n\t\t\t\t\t\t\t<div class=\"title-after_title reset-last-child wd-fontsize-xs\">\n\t\t\t\t\t<p>Inredning f\u00f6r hem och kontor<\/p><p>G\u00e5vor till litauer i utlandet<\/p><p>Utbildnings\u00e4ndam\u00e5l i skolor<\/p><p>Souvenirer och nationella h\u00f6gtider<\/p>\t\t\t\t<\/div>\n\t\t\t\t\t<\/div>\n\t\t\t\t\t\t<\/div>\n\t\t\t\t<\/div>\n\t\t\t\t<\/div>\n\t\t\t\t<\/div>\n\t\t\t\t\t<\/div>\n\t\t\t\t<\/div>\n\t\t\t\t<\/div>","protected":false},"excerpt":{"rendered":"<p>Utforska Litauen p\u00e5 ett unikt s\u00e4tt med denna handgjorda tr\u00e4karta - ett meningsfullt f\u00f6rem\u00e5l som speglar din k\u00e4rlek till landet och din nyfikenhet p\u00e5 varje h\u00f6rn av det.<\/p>","protected":false},"featured_media":29680,"comment_status":"open","ping_status":"closed","template":"","meta":{"_seopress_robots_primary_cat":"none","_seopress_titles_title":"Wooden Map of Lithuania: Handcrafted Wall Art for Your Home","_seopress_titles_desc":"Discover the beauty of Lithuania with our laser-cut wooden map. Intricate detail & eco-friendly materials. Explore now & find your perfect size!","_seopress_robots_index":""},"product_brand":[],"product_cat":[89,96],"product_tag":[],"class_list":{"0":"post-29316","1":"product","2":"type-product","3":"status-publish","4":"has-post-thumbnail","6":"product_cat-maps-of-lithuania","7":"product_cat-wooden-maps","9":"first","10":"instock","11":"shipping-taxable","12":"purchasable","13":"product-type-variable","14":"has-default-attributes"},"_links":{"self":[{"href":"https:\/\/thewoodcrafts.com\/sv\/wp-json\/wp\/v2\/product\/29316","targetHints":{"allow":["GET"]}}],"collection":[{"href":"https:\/\/thewoodcrafts.com\/sv\/wp-json\/wp\/v2\/product"}],"about":[{"href":"https:\/\/thewoodcrafts.com\/sv\/wp-json\/wp\/v2\/types\/product"}],"replies":[{"embeddable":true,"href":"https:\/\/thewoodcrafts.com\/sv\/wp-json\/wp\/v2\/comments?post=29316"}],"version-history":[{"count":0,"href":"https:\/\/thewoodcrafts.com\/sv\/wp-json\/wp\/v2\/product\/29316\/revisions"}],"wp:featuredmedia":[{"embeddable":true,"href":"https:\/\/thewoodcrafts.com\/sv\/wp-json\/wp\/v2\/media\/29680"}],"wp:attachment":[{"href":"https:\/\/thewoodcrafts.com\/sv\/wp-json\/wp\/v2\/media?parent=29316"}],"wp:term":[{"taxonomy":"product_brand","embeddable":true,"href":"https:\/\/thewoodcrafts.com\/sv\/wp-json\/wp\/v2\/product_brand?post=29316"},{"taxonomy":"product_cat","embeddable":true,"href":"https:\/\/thewoodcrafts.com\/sv\/wp-json\/wp\/v2\/product_cat?post=29316"},{"taxonomy":"product_tag","embeddable":true,"href":"https:\/\/thewoodcrafts.com\/sv\/wp-json\/wp\/v2\/product_tag?post=29316"}],"curies":[{"name":"wp","href":"https:\/\/api.w.org\/{rel}","templated":true}]}}