{"id":29502,"date":"2025-07-21T17:35:39","date_gmt":"2025-07-21T14:35:39","guid":{"rendered":"https:\/\/thewoodcrafts.com\/?post_type=product&#038;p=29502"},"modified":"2025-09-17T19:25:15","modified_gmt":"2025-09-17T16:25:15","slug":"led-wooden-map","status":"publish","type":"product","link":"https:\/\/thewoodcrafts.com\/sv\/produkt\/led-wooden-map\/","title":{"rendered":"LED-karta i tr\u00e4"},"content":{"rendered":"<div data-elementor-type=\"wp-post\" data-elementor-id=\"29502\" class=\"elementor elementor-29502\">\n\t\t\t\t<div class=\"elementor-element elementor-element-7474d14 wd-section-stretch e-flex e-con-boxed e-con e-parent\" data-id=\"7474d14\" data-element_type=\"container\" data-settings=\"{&quot;background_background&quot;:&quot;classic&quot;}\">\n\t\t\t\t\t<div class=\"e-con-inner\">\n\t\t\t\t<div class=\"elementor-element elementor-element-dfef7b4 wd-width-100 elementor-widget elementor-widget-wd_title\" data-id=\"dfef7b4\" data-element_type=\"widget\" data-widget_type=\"wd_title.default\">\n\t\t\t\t<div class=\"elementor-widget-container\">\n\t\t\t\t\t\t\t<div class=\"title-wrapper wd-set-mb reset-last-child wd-title-color-default wd-title-style-default wd-title-size-default text-center\">\n\n\t\t\t\n\t\t\t<div class=\"liner-continer\">\n\t\t\t\t<h4 class=\"woodmart-title-container title wd-fontsize-l\">Upplyst v\u00e4rldskarta i tr\u00e4 - LED-v\u00e4ggkonst<br \/>\n<\/h4> \n\t\t\t\t\t\t\t<\/div>\n\n\t\t\t\t\t\t\t<div class=\"title-after_title reset-last-child wd-fontsize-xs\">\n\t\t\t\t\t<p>Lys upp ditt utrymme med denna fantastiska <strong>LED v\u00e4rldskarta i tr\u00e4<\/strong> - en unik kombination av hantverksskicklighet, funktionalitet och modern design. Denna gl\u00f6dande tr\u00e4karta \u00e4r perfekt f\u00f6r resen\u00e4rer, design\u00e4lskare eller alla som dr\u00f6mmer stort, och \u00e4r mer \u00e4n bara en dekoration - den \u00e4r ett statement.<\/p>\t\t\t\t<\/div>\n\t\t\t\t\t<\/div>\n\t\t\t\t\t\t<\/div>\n\t\t\t\t<\/div>\n\t\t\t\t\t<\/div>\n\t\t\t\t<\/div>\n\t\t<div class=\"wd-negative-gap elementor-element elementor-element-3be07f9 e-flex e-con-boxed e-con e-parent\" data-id=\"3be07f9\" data-element_type=\"container\">\n\t\t\t\t\t<div class=\"e-con-inner\">\n\t\t<div class=\"elementor-element elementor-element-8db3d33 e-con-full e-flex e-con e-child\" data-id=\"8db3d33\" data-element_type=\"container\">\n\t\t<div class=\"elementor-element elementor-element-a9233c3 e-con-full e-flex e-con e-child\" data-id=\"a9233c3\" data-element_type=\"container\">\n\t\t\t\t<div class=\"elementor-element elementor-element-bf93793 elementor-widget elementor-widget-image\" data-id=\"bf93793\" data-element_type=\"widget\" data-widget_type=\"image.default\">\n\t\t\t\t\t\t\t\t\t\t\t\t\t\t\t<img alt=\"\" fetchpriority=\"high\" decoding=\"async\" width=\"970\" height=\"800\" src=\"https:\/\/thewoodcrafts.com\/wp-content\/uploads\/2025\/08\/Size-guide-Country-map-2000-x-1650-px-1-970x800.jpg\" class=\"attachment-large size-large wp-image-30963\" srcset=\"https:\/\/thewoodcrafts.com\/wp-content\/uploads\/2025\/08\/Size-guide-Country-map-2000-x-1650-px-1-970x800.jpg 970w, https:\/\/thewoodcrafts.com\/wp-content\/uploads\/2025\/08\/Size-guide-Country-map-2000-x-1650-px-1-364x300.jpg 364w, https:\/\/thewoodcrafts.com\/wp-content\/uploads\/2025\/08\/Size-guide-Country-map-2000-x-1650-px-1-768x634.jpg 768w, https:\/\/thewoodcrafts.com\/wp-content\/uploads\/2025\/08\/Size-guide-Country-map-2000-x-1650-px-1-1536x1267.jpg 1536w, https:\/\/thewoodcrafts.com\/wp-content\/uploads\/2025\/08\/Size-guide-Country-map-2000-x-1650-px-1-15x12.jpg 15w, https:\/\/thewoodcrafts.com\/wp-content\/uploads\/2025\/08\/Size-guide-Country-map-2000-x-1650-px-1-430x355.jpg 430w, https:\/\/thewoodcrafts.com\/wp-content\/uploads\/2025\/08\/Size-guide-Country-map-2000-x-1650-px-1-700x578.jpg 700w, https:\/\/thewoodcrafts.com\/wp-content\/uploads\/2025\/08\/Size-guide-Country-map-2000-x-1650-px-1-150x124.jpg 150w, https:\/\/thewoodcrafts.com\/wp-content\/uploads\/2025\/08\/Size-guide-Country-map-2000-x-1650-px-1.jpg 1920w\" sizes=\"(max-width: 970px) 100vw, 970px\" \/>\t\t\t\t\t\t\t\t\t\t\t\t\t\t\t<\/div>\n\t\t\t\t<\/div>\n\t\t<div class=\"elementor-element elementor-element-b889715 e-con-full e-flex e-con e-child\" data-id=\"b889715\" data-element_type=\"container\">\n\t\t\t\t<div class=\"elementor-element elementor-element-6385acc wd-width-100 elementor-widget elementor-widget-wd_title\" data-id=\"6385acc\" data-element_type=\"widget\" data-widget_type=\"wd_title.default\">\n\t\t\t\t<div class=\"elementor-widget-container\">\n\t\t\t\t\t\t\t<div class=\"title-wrapper wd-set-mb reset-last-child wd-title-color-default wd-title-style-default wd-title-size-default text-center\">\n\n\t\t\t\n\t\t\t<div class=\"liner-continer\">\n\t\t\t\t<h4 class=\"woodmart-title-container title wd-fontsize-l\">Vad som g\u00f6r den speciell<\/h4> \n\t\t\t\t\t\t\t<\/div>\n\n\t\t\t\t\t\t\t<div class=\"title-after_title reset-last-child wd-fontsize-xs\">\n\t\t\t\t\t<p>Skapar en <strong>modern, varm atmosf\u00e4r<\/strong> med omgivande belysning<\/p><p>En unik kombination av <strong>konst och funktion<\/strong> - dag eller natt<\/p><p>Handgjord med <strong>precision och omsorg<\/strong><\/p><p>Dubbla som en <strong>Nattlampa<\/strong> eller en mjuk bakgrundsbelysning f\u00f6r mysiga kv\u00e4llar<\/p><p>En fantastisk <strong>present till resen\u00e4rer<\/strong>, nygifta, inflyttningar eller till och med f\u00f6retagslokaler<\/p>\t\t\t\t<\/div>\n\t\t\t\t\t<\/div>\n\t\t\t\t\t\t<\/div>\n\t\t\t\t<\/div>\n\t\t\t\t<\/div>\n\t\t\t\t<\/div>\n\t\t\t\t\t<\/div>\n\t\t\t\t<\/div>\n\t\t<div class=\"wd-negative-gap elementor-element elementor-element-8d39772 e-flex e-con-boxed e-con e-parent\" data-id=\"8d39772\" data-element_type=\"container\">\n\t\t\t\t\t<div class=\"e-con-inner\">\n\t\t<div class=\"elementor-element elementor-element-5cdfc15 e-con-full e-flex e-con e-child\" data-id=\"5cdfc15\" data-element_type=\"container\">\n\t\t<div class=\"elementor-element elementor-element-adbbdaf e-con-full e-flex e-con e-child\" data-id=\"adbbdaf\" data-element_type=\"container\">\n\t\t\t\t<div class=\"elementor-element elementor-element-707d430 elementor-widget elementor-widget-image\" data-id=\"707d430\" data-element_type=\"widget\" data-widget_type=\"image.default\">\n\t\t\t\t\t\t\t\t\t\t\t\t\t\t\t<img alt=\"\" decoding=\"async\" width=\"800\" height=\"800\" src=\"https:\/\/thewoodcrafts.com\/wp-content\/uploads\/2025\/07\/Map-styles-2000-x-2000-px-800x800.jpg\" class=\"attachment-large size-large wp-image-29132\" srcset=\"https:\/\/thewoodcrafts.com\/wp-content\/uploads\/2025\/07\/Map-styles-2000-x-2000-px-800x800.jpg 800w, https:\/\/thewoodcrafts.com\/wp-content\/uploads\/2025\/07\/Map-styles-2000-x-2000-px-300x300.jpg 300w, https:\/\/thewoodcrafts.com\/wp-content\/uploads\/2025\/07\/Map-styles-2000-x-2000-px-150x150.jpg 150w, https:\/\/thewoodcrafts.com\/wp-content\/uploads\/2025\/07\/Map-styles-2000-x-2000-px-768x768.jpg 768w, https:\/\/thewoodcrafts.com\/wp-content\/uploads\/2025\/07\/Map-styles-2000-x-2000-px-1536x1536.jpg 1536w, https:\/\/thewoodcrafts.com\/wp-content\/uploads\/2025\/07\/Map-styles-2000-x-2000-px-650x650.jpg 650w, https:\/\/thewoodcrafts.com\/wp-content\/uploads\/2025\/07\/Map-styles-2000-x-2000-px-1300x1300.jpg 1300w, https:\/\/thewoodcrafts.com\/wp-content\/uploads\/2025\/07\/Map-styles-2000-x-2000-px-430x430.jpg 430w, https:\/\/thewoodcrafts.com\/wp-content\/uploads\/2025\/07\/Map-styles-2000-x-2000-px-700x700.jpg 700w, https:\/\/thewoodcrafts.com\/wp-content\/uploads\/2025\/07\/Map-styles-2000-x-2000-px.jpg 1920w\" sizes=\"(max-width: 800px) 100vw, 800px\" \/>\t\t\t\t\t\t\t\t\t\t\t\t\t\t\t<\/div>\n\t\t\t\t<\/div>\n\t\t<div class=\"elementor-element elementor-element-fed53a4 e-con-full e-flex e-con e-child\" data-id=\"fed53a4\" data-element_type=\"container\">\n\t\t\t\t<div class=\"elementor-element elementor-element-767efff wd-width-100 elementor-widget elementor-widget-wd_title\" data-id=\"767efff\" data-element_type=\"widget\" data-widget_type=\"wd_title.default\">\n\t\t\t\t<div class=\"elementor-widget-container\">\n\t\t\t\t\t\t\t<div class=\"title-wrapper wd-set-mb reset-last-child wd-title-color-default wd-title-style-default wd-title-size-default text-center\">\n\n\t\t\t\n\t\t\t<div class=\"liner-continer\">\n\t\t\t\t<h4 class=\"woodmart-title-container title wd-fontsize-l\">Idealisk f\u00f6r:<\/h4> \n\t\t\t\t\t\t\t<\/div>\n\n\t\t\t\t\t\t\t<div class=\"title-after_title reset-last-child wd-fontsize-xs\">\n\t\t\t\t\t<p>Moderna vardagsrum, hemmakontor eller sovrum<\/p><p>Restauranger, kaf\u00e9er, lobbyer och coworking-ytor<\/p><p>G\u00e5vor f\u00f6r rese\u00e4lskare, \u00e5rsdagar eller speciella tillf\u00e4llen<\/p><p>Alla som vill ta med sig <strong>stil + vandringslust<\/strong> in i deras interi\u00f6r<\/p>\t\t\t\t<\/div>\n\t\t\t\t\t<\/div>\n\t\t\t\t\t\t<\/div>\n\t\t\t\t<\/div>\n\t\t\t\t<\/div>\n\t\t\t\t<\/div>\n\t\t\t\t\t<\/div>\n\t\t\t\t<\/div>\n\t\t\t\t<\/div>","protected":false},"excerpt":{"rendered":"<h2 data-start=\"2245\" data-end=\"2289\">Handgjord. Upplyst. Of\u00f6rgl\u00f6mlig.<\/h2>\n<p data-start=\"2291\" data-end=\"2415\">Denna karta \u00e4r tillverkad av naturligt tr\u00e4 och drivs av subtilt LED-ljus, och f\u00f6rvandlar din v\u00e4gg till en gl\u00f6dande hyllning till v\u00e4rlden.<\/p>","protected":false},"featured_media":29517,"comment_status":"open","ping_status":"closed","template":"","meta":{"_seopress_robots_primary_cat":"none","_seopress_titles_title":"Explore the World in Style: Sustainable Wooden world Map Wall Art.","_seopress_titles_desc":"Add warmth and character to your home with a handcrafted wooden world map. Shop various styles & sizes. Sustainable materials, shop Now!","_seopress_robots_index":""},"product_brand":[],"product_cat":[95,96],"product_tag":[],"class_list":{"0":"post-29502","1":"product","2":"type-product","3":"status-publish","4":"has-post-thumbnail","6":"product_cat-led-maps","7":"product_cat-wooden-maps","9":"first","10":"instock","11":"sale","12":"shipping-taxable","13":"purchasable","14":"product-type-variable","15":"has-default-attributes"},"_links":{"self":[{"href":"https:\/\/thewoodcrafts.com\/sv\/wp-json\/wp\/v2\/product\/29502","targetHints":{"allow":["GET"]}}],"collection":[{"href":"https:\/\/thewoodcrafts.com\/sv\/wp-json\/wp\/v2\/product"}],"about":[{"href":"https:\/\/thewoodcrafts.com\/sv\/wp-json\/wp\/v2\/types\/product"}],"replies":[{"embeddable":true,"href":"https:\/\/thewoodcrafts.com\/sv\/wp-json\/wp\/v2\/comments?post=29502"}],"version-history":[{"count":0,"href":"https:\/\/thewoodcrafts.com\/sv\/wp-json\/wp\/v2\/product\/29502\/revisions"}],"wp:featuredmedia":[{"embeddable":true,"href":"https:\/\/thewoodcrafts.com\/sv\/wp-json\/wp\/v2\/media\/29517"}],"wp:attachment":[{"href":"https:\/\/thewoodcrafts.com\/sv\/wp-json\/wp\/v2\/media?parent=29502"}],"wp:term":[{"taxonomy":"product_brand","embeddable":true,"href":"https:\/\/thewoodcrafts.com\/sv\/wp-json\/wp\/v2\/product_brand?post=29502"},{"taxonomy":"product_cat","embeddable":true,"href":"https:\/\/thewoodcrafts.com\/sv\/wp-json\/wp\/v2\/product_cat?post=29502"},{"taxonomy":"product_tag","embeddable":true,"href":"https:\/\/thewoodcrafts.com\/sv\/wp-json\/wp\/v2\/product_tag?post=29502"}],"curies":[{"name":"wp","href":"https:\/\/api.w.org\/{rel}","templated":true}]}}